{"id":7791,"date":"2025-03-15T21:38:58","date_gmt":"2025-03-15T21:38:58","guid":{"rendered":"https:\/\/theardore.com\/?post_type=product&#038;p=7791"},"modified":"2026-03-23T09:38:16","modified_gmt":"2026-03-23T09:38:16","slug":"flared-latex-trousers-green","status":"publish","type":"product","link":"https:\/\/theardore.com\/de\/produkt\/flared-latex-trousers-green\/","title":{"rendered":"Latex Schlaghose"},"content":{"rendered":"<p>Die Latex-Schlaghose hat eine enge Passform an den H\u00fcften und Oberschenkeln, die ab der Wade ausgestellt wird. Der breite Bund sorgt f\u00fcr einen bequemen Sitz und betont die Taille.<\/p>\n<p style=\"font-size: 12px; color: #888; margin-bottom: 3px;\">Auch verf\u00fcgbar in:<\/p>\n<div style=\"display: flex; gap: 5px; flex-wrap: wrap;\"><a href=\"https:\/\/theardore.com\/de\/produkt\/flared-latex-trousers-plum\/\"><img decoding=\"async\" style=\"width: 60px; height: auto; border: 1px solid #ccc; padding: 5px;\" src=\"https:\/\/theardore.com\/wp-content\/uploads\/2025\/05\/DSC0798.jpeg\" alt=\"Plum\" \/><br \/>\n<\/a><\/div>","protected":false},"excerpt":{"rendered":"<ul>\n<li>Hergestellt aus 0,4 mm Naturlatex<\/li>\n<li>Hergestellt aus geschnittenem und geklebtem Latex<\/li>\n<li>An den H\u00fcften und Oberschenkeln eng anliegend<\/li>\n<li>Ausgestelltes Bein ab der Wade<\/li>\n<li>Hohe Taille<\/li>\n<li>Gr\u00fcn<\/li>\n<li>Handgefertigt in \u00d6sterreich<\/li>\n<\/ul>\n<p>Das Model ist 163cm \/ 5'4'' gro\u00df und tr\u00e4gt Gr\u00f6\u00dfe S.<\/p>","protected":false},"featured_media":13631,"template":"","meta":{"_uag_custom_page_level_css":"","site-sidebar-layout":"default","site-content-layout":"","ast-site-content-layout":"default","site-content-style":"default","site-sidebar-style":"default","ast-global-header-display":"","ast-banner-title-visibility":"","ast-main-header-display":"","ast-hfb-above-header-display":"","ast-hfb-below-header-display":"","ast-hfb-mobile-header-display":"","site-post-title":"","ast-breadcrumbs-content":"","ast-featured-img":"","footer-sml-layout":"","ast-disable-related-posts":"","theme-transparent-header-meta":"default","adv-header-id-meta":"","stick-header-meta":"","header-above-stick-meta":"","header-main-stick-meta":"","header-below-stick-meta":"","astra-migrate-meta-layouts":"set","ast-page-background-enabled":"default","ast-page-background-meta":{"desktop":{"background-color":"","background-image":"","background-repeat":"repeat","background-position":"center center","background-size":"auto","background-attachment":"scroll","background-type":"","background-media":"","overlay-type":"","overlay-color":"","overlay-opacity":"","overlay-gradient":""},"tablet":{"background-color":"","background-image":"","background-repeat":"repeat","background-position":"center center","background-size":"auto","background-attachment":"scroll","background-type":"","background-media":"","overlay-type":"","overlay-color":"","overlay-opacity":"","overlay-gradient":""},"mobile":{"background-color":"","background-image":"","background-repeat":"repeat","background-position":"center center","background-size":"auto","background-attachment":"scroll","background-type":"","background-media":"","overlay-type":"","overlay-color":"","overlay-opacity":"","overlay-gradient":""}},"ast-content-background-meta":{"desktop":{"background-color":"var(--ast-global-color-4)","background-image":"","background-repeat":"repeat","background-position":"center center","background-size":"auto","background-attachment":"scroll","background-type":"","background-media":"","overlay-type":"","overlay-color":"","overlay-opacity":"","overlay-gradient":""},"tablet":{"background-color":"var(--ast-global-color-4)","background-image":"","background-repeat":"repeat","background-position":"center center","background-size":"auto","background-attachment":"scroll","background-type":"","background-media":"","overlay-type":"","overlay-color":"","overlay-opacity":"","overlay-gradient":""},"mobile":{"background-color":"var(--ast-global-color-4)","background-image":"","background-repeat":"repeat","background-position":"center center","background-size":"auto","background-attachment":"scroll","background-type":"","background-media":"","overlay-type":"","overlay-color":"","overlay-opacity":"","overlay-gradient":""}}},"product_brand":[],"product_cat":[30,46],"product_tag":[],"class_list":{"0":"post-7791","1":"product","2":"type-product","3":"status-publish","4":"has-post-thumbnail","6":"product_cat-latex","7":"product_cat-trousers-leggings","8":"pa_xs-s-m-l-xl-xxl-l","9":"pa_xs-s-m-l-xl-xxl-m","10":"pa_xs-s-m-l-xl-xxl-s","11":"pa_xs-s-m-l-xl-xxl-xl","12":"pa_xs-s-m-l-xl-xxl-xs","13":"pa_xs-s-m-l-xl-xxl-xxl","14":"desktop-align-center","15":"tablet-align-center","16":"mobile-align-center","18":"first","19":"instock","20":"shipping-taxable","21":"purchasable","22":"product-type-variable"},"uagb_featured_image_src":{"full":["https:\/\/theardore.com\/wp-content\/uploads\/2025\/05\/DSC0769-2.jpeg",800,1200,false],"thumbnail":["https:\/\/theardore.com\/wp-content\/uploads\/2025\/05\/DSC0769-2-150x150.jpeg",150,150,true],"medium":["https:\/\/theardore.com\/wp-content\/uploads\/2025\/05\/DSC0769-2-200x300.jpeg",200,300,true],"medium_large":["https:\/\/theardore.com\/wp-content\/uploads\/2025\/05\/DSC0769-2-768x1152.jpeg",768,1152,true],"large":["https:\/\/theardore.com\/wp-content\/uploads\/2025\/05\/DSC0769-2-683x1024.jpeg",683,1024,true],"1536x1536":["https:\/\/theardore.com\/wp-content\/uploads\/2025\/05\/DSC0769-2.jpeg",800,1200,false],"2048x2048":["https:\/\/theardore.com\/wp-content\/uploads\/2025\/05\/DSC0769-2.jpeg",800,1200,false],"trp-custom-language-flag":["https:\/\/theardore.com\/wp-content\/uploads\/2025\/05\/DSC0769-2-8x12.jpeg",8,12,true],"wishsuite-image":["https:\/\/theardore.com\/wp-content\/uploads\/2025\/05\/DSC0769-2-53x80.jpeg",53,80,true],"woocommerce_thumbnail":["https:\/\/theardore.com\/wp-content\/uploads\/2025\/05\/DSC0769-2.jpeg",800,1200,false],"woocommerce_single":["https:\/\/theardore.com\/wp-content\/uploads\/2025\/05\/DSC0769-2.jpeg",800,1200,false],"woocommerce_gallery_thumbnail":["https:\/\/theardore.com\/wp-content\/uploads\/2025\/05\/DSC0769-2-100x100.jpeg",100,100,true]},"uagb_author_info":{"display_name":"Soso","author_link":"https:\/\/theardore.com\/de\/author\/"},"uagb_comment_info":0,"uagb_excerpt":"Crafted from 0.4 mm natural latex Constructed from cut-and-bonded latex sheeting Fitted through the hips and thighs Flared leg from the calf High-waisted fit Green Handcrafted in Austria The model is 163cm \/ 5\u20194\u201d tall and wears size S.","_links":{"self":[{"href":"https:\/\/theardore.com\/de\/wp-json\/wp\/v2\/product\/7791","targetHints":{"allow":["GET"]}}],"collection":[{"href":"https:\/\/theardore.com\/de\/wp-json\/wp\/v2\/product"}],"about":[{"href":"https:\/\/theardore.com\/de\/wp-json\/wp\/v2\/types\/product"}],"wp:featuredmedia":[{"embeddable":true,"href":"https:\/\/theardore.com\/de\/wp-json\/wp\/v2\/media\/13631"}],"wp:attachment":[{"href":"https:\/\/theardore.com\/de\/wp-json\/wp\/v2\/media?parent=7791"}],"wp:term":[{"taxonomy":"product_brand","embeddable":true,"href":"https:\/\/theardore.com\/de\/wp-json\/wp\/v2\/product_brand?post=7791"},{"taxonomy":"product_cat","embeddable":true,"href":"https:\/\/theardore.com\/de\/wp-json\/wp\/v2\/product_cat?post=7791"},{"taxonomy":"product_tag","embeddable":true,"href":"https:\/\/theardore.com\/de\/wp-json\/wp\/v2\/product_tag?post=7791"}],"curies":[{"name":"wp","href":"https:\/\/api.w.org\/{rel}","templated":true}]}}