{"id":7496,"date":"2025-02-19T21:04:46","date_gmt":"2025-02-19T21:04:46","guid":{"rendered":"https:\/\/theardore.com\/?post_type=product&#038;p=7496"},"modified":"2026-03-23T13:32:08","modified_gmt":"2026-03-23T13:32:08","slug":"ultimate-latex-polishing-cloth","status":"publish","type":"product","link":"https:\/\/theardore.com\/de\/produkt\/ultimate-latex-polishing-cloth\/","title":{"rendered":"Latex Poliertuch"},"content":{"rendered":"<p><span style=\"font-weight: 400;\">Das beGLOSS WIPE ist ein spezielles Poliertuch f\u00fcr Latexkleidung. Es wurde f\u00fcr die Verwendung mit beGLOSS Perfect Shine entwickelt und sorgt f\u00fcr ein gleichm\u00e4\u00dfiges, gl\u00e4nzendes Finish. <\/span><span style=\"font-weight: 400;\">Die feine Faserstruktur nimmt die richtige Menge an Politur auf, ohne R\u00fcckst\u00e4nde zu hinterlassen.\u00a0<\/span><\/p>\n<p><span style=\"font-weight: 400;\">Wenn Sie den QR-Code auf der R\u00fcckseite des Produkts scannen, werden Sie automatisch zur Gebrauchsanweisung weitergeleitet.<\/span><\/p>\n<div style=\"text-align: center;\"><a style=\"font-style: italic; color: #020101; font-size: 11px; text-decoration: none; display: inline-block;\" href=\"https:\/\/theardore.com\/de\/material-info\/\">Produktpflege Info<\/a><\/div>","protected":false},"excerpt":{"rendered":"<ul>\n<li style=\"font-weight: 400;\" aria-level=\"1\"><span style=\"font-weight: 400;\">1 St\u00fcck<\/span><\/li>\n<li aria-level=\"1\"><span style=\"font-weight: 400;\">Waschbar und wiederverwendbar<\/span><\/li>\n<li aria-level=\"1\"><span style=\"font-weight: 400;\">Fusselfrei, streifenfrei und saugf\u00e4hig<\/span><\/li>\n<li style=\"font-weight: 400;\" aria-level=\"1\"><span style=\"font-weight: 400;\">Hergestellt in Deutschland<\/span><\/li>\n<li style=\"font-weight: 400;\" aria-level=\"1\"><span style=\"font-weight: 400;\">Material: 80% Polyester, 20% Polyamid<\/span><\/li>\n<\/ul>","protected":false},"featured_media":7500,"template":"","meta":{"_uag_custom_page_level_css":"","site-sidebar-layout":"default","site-content-layout":"","ast-site-content-layout":"default","site-content-style":"default","site-sidebar-style":"default","ast-global-header-display":"","ast-banner-title-visibility":"","ast-main-header-display":"","ast-hfb-above-header-display":"","ast-hfb-below-header-display":"","ast-hfb-mobile-header-display":"","site-post-title":"","ast-breadcrumbs-content":"","ast-featured-img":"","footer-sml-layout":"","ast-disable-related-posts":"","theme-transparent-header-meta":"default","adv-header-id-meta":"","stick-header-meta":"","header-above-stick-meta":"","header-main-stick-meta":"","header-below-stick-meta":"","astra-migrate-meta-layouts":"set","ast-page-background-enabled":"default","ast-page-background-meta":{"desktop":{"background-color":"","background-image":"","background-repeat":"repeat","background-position":"center center","background-size":"auto","background-attachment":"scroll","background-type":"","background-media":"","overlay-type":"","overlay-color":"","overlay-opacity":"","overlay-gradient":""},"tablet":{"background-color":"","background-image":"","background-repeat":"repeat","background-position":"center center","background-size":"auto","background-attachment":"scroll","background-type":"","background-media":"","overlay-type":"","overlay-color":"","overlay-opacity":"","overlay-gradient":""},"mobile":{"background-color":"","background-image":"","background-repeat":"repeat","background-position":"center center","background-size":"auto","background-attachment":"scroll","background-type":"","background-media":"","overlay-type":"","overlay-color":"","overlay-opacity":"","overlay-gradient":""}},"ast-content-background-meta":{"desktop":{"background-color":"var(--ast-global-color-4)","background-image":"","background-repeat":"repeat","background-position":"center center","background-size":"auto","background-attachment":"scroll","background-type":"","background-media":"","overlay-type":"","overlay-color":"","overlay-opacity":"","overlay-gradient":""},"tablet":{"background-color":"var(--ast-global-color-4)","background-image":"","background-repeat":"repeat","background-position":"center center","background-size":"auto","background-attachment":"scroll","background-type":"","background-media":"","overlay-type":"","overlay-color":"","overlay-opacity":"","overlay-gradient":""},"mobile":{"background-color":"var(--ast-global-color-4)","background-image":"","background-repeat":"repeat","background-position":"center center","background-size":"auto","background-attachment":"scroll","background-type":"","background-media":"","overlay-type":"","overlay-color":"","overlay-opacity":"","overlay-gradient":""}}},"product_brand":[],"product_cat":[64],"product_tag":[],"class_list":{"0":"post-7496","1":"product","2":"type-product","3":"status-publish","4":"has-post-thumbnail","6":"product_cat-latex-care","7":"desktop-align-center","8":"tablet-align-center","9":"mobile-align-center","11":"first","12":"instock","13":"shipping-taxable","14":"purchasable","15":"product-type-simple"},"uagb_featured_image_src":{"full":["https:\/\/theardore.com\/wp-content\/uploads\/2025\/02\/beGLOSS_WIPE_M.jpg",1666,2500,false],"thumbnail":["https:\/\/theardore.com\/wp-content\/uploads\/2025\/02\/beGLOSS_WIPE_M-150x150.jpg",150,150,true],"medium":["https:\/\/theardore.com\/wp-content\/uploads\/2025\/02\/beGLOSS_WIPE_M-200x300.jpg",200,300,true],"medium_large":["https:\/\/theardore.com\/wp-content\/uploads\/2025\/02\/beGLOSS_WIPE_M-768x1152.jpg",768,1152,true],"large":["https:\/\/theardore.com\/wp-content\/uploads\/2025\/02\/beGLOSS_WIPE_M-682x1024.jpg",682,1024,true],"1536x1536":["https:\/\/theardore.com\/wp-content\/uploads\/2025\/02\/beGLOSS_WIPE_M-1024x1536.jpg",1024,1536,true],"2048x2048":["https:\/\/theardore.com\/wp-content\/uploads\/2025\/02\/beGLOSS_WIPE_M-1365x2048.jpg",1365,2048,true],"trp-custom-language-flag":["https:\/\/theardore.com\/wp-content\/uploads\/2025\/02\/beGLOSS_WIPE_M.jpg",8,12,false],"wishsuite-image":["https:\/\/theardore.com\/wp-content\/uploads\/2025\/02\/beGLOSS_WIPE_M.jpg",53,80,false],"woocommerce_thumbnail":["https:\/\/theardore.com\/wp-content\/uploads\/2025\/02\/beGLOSS_WIPE_M.jpg",1666,2500,false],"woocommerce_single":["https:\/\/theardore.com\/wp-content\/uploads\/2025\/02\/beGLOSS_WIPE_M.jpg",1666,2500,false],"woocommerce_gallery_thumbnail":["https:\/\/theardore.com\/wp-content\/uploads\/2025\/02\/beGLOSS_WIPE_M-100x100.jpg",100,100,true]},"uagb_author_info":{"display_name":"Soso","author_link":"https:\/\/theardore.com\/de\/author\/"},"uagb_comment_info":0,"uagb_excerpt":"1 Piece Washable and reusable Lint-free, streak-free, and highly absorbent Made in Germany Material: 80% polyester, 20% polyamide","_links":{"self":[{"href":"https:\/\/theardore.com\/de\/wp-json\/wp\/v2\/product\/7496","targetHints":{"allow":["GET"]}}],"collection":[{"href":"https:\/\/theardore.com\/de\/wp-json\/wp\/v2\/product"}],"about":[{"href":"https:\/\/theardore.com\/de\/wp-json\/wp\/v2\/types\/product"}],"wp:featuredmedia":[{"embeddable":true,"href":"https:\/\/theardore.com\/de\/wp-json\/wp\/v2\/media\/7500"}],"wp:attachment":[{"href":"https:\/\/theardore.com\/de\/wp-json\/wp\/v2\/media?parent=7496"}],"wp:term":[{"taxonomy":"product_brand","embeddable":true,"href":"https:\/\/theardore.com\/de\/wp-json\/wp\/v2\/product_brand?post=7496"},{"taxonomy":"product_cat","embeddable":true,"href":"https:\/\/theardore.com\/de\/wp-json\/wp\/v2\/product_cat?post=7496"},{"taxonomy":"product_tag","embeddable":true,"href":"https:\/\/theardore.com\/de\/wp-json\/wp\/v2\/product_tag?post=7496"}],"curies":[{"name":"wp","href":"https:\/\/api.w.org\/{rel}","templated":true}]}}