{"id":7484,"date":"2025-02-19T21:01:38","date_gmt":"2025-02-19T21:01:38","guid":{"rendered":"https:\/\/theardore.com\/?post_type=product&#038;p=7484"},"modified":"2026-03-23T13:39:06","modified_gmt":"2026-03-23T13:39:06","slug":"latex-special-wash","status":"publish","type":"product","link":"https:\/\/theardore.com\/de\/produkt\/latex-special-wash\/","title":{"rendered":"Latex Spezial Waschmittel"},"content":{"rendered":"<p><span style=\"font-weight: 400;\">beGLOSS Special Wash ist ein Reinigungskonzentrat f\u00fcr Latexbekleidung. Es sorgt f\u00fcr eine gr\u00fcndliche, fettl\u00f6sende und hygienische Reinigung \u2013 selbst bei niedrigen Temperaturen oder in der Waschmaschine. <\/span><span style=\"font-weight: 400;\">Die Formel entfernt zuverl\u00e4ssig Schmutz, Schwei\u00df und Ger\u00fcche, ohne Latex, N\u00e4hte oder Klebestellen anzugreifen. <\/span><span style=\"font-weight: 400;\">\u00a0Nach dem Waschen trocknet das Latex schnell und ist bereit f\u00fcr die weitere Pflege.<\/span><\/p>\n<p><span style=\"font-weight: 400;\">Wenn Sie den QR-Code auf der R\u00fcckseite des Produkts scannen, werden Sie automatisch zur Gebrauchsanweisung weitergeleitet.<\/span><\/p>\n<div style=\"text-align: center;\"><a style=\"font-style: italic; color: #020101; font-size: 11px; text-decoration: none; display: inline-block;\" href=\"https:\/\/theardore.com\/de\/material-info\/\">Produktpflege Info<\/a><\/div>","protected":false},"excerpt":{"rendered":"<ul>\n<li style=\"font-weight: 400;\" aria-level=\"1\"><span style=\"font-weight: 400;\">Inhalt: 100ml<\/span><\/li>\n<li style=\"font-weight: 400;\" aria-level=\"1\"><span style=\"font-weight: 400;\">Hergestellt in Deutschland<\/span><\/li>\n<\/ul>\n<div style=\"text-align: center;\"><\/div>","protected":false},"featured_media":7485,"template":"","meta":{"_uag_custom_page_level_css":"","site-sidebar-layout":"default","site-content-layout":"","ast-site-content-layout":"default","site-content-style":"default","site-sidebar-style":"default","ast-global-header-display":"","ast-banner-title-visibility":"","ast-main-header-display":"","ast-hfb-above-header-display":"","ast-hfb-below-header-display":"","ast-hfb-mobile-header-display":"","site-post-title":"","ast-breadcrumbs-content":"","ast-featured-img":"","footer-sml-layout":"","ast-disable-related-posts":"","theme-transparent-header-meta":"default","adv-header-id-meta":"","stick-header-meta":"","header-above-stick-meta":"","header-main-stick-meta":"","header-below-stick-meta":"","astra-migrate-meta-layouts":"set","ast-page-background-enabled":"default","ast-page-background-meta":{"desktop":{"background-color":"","background-image":"","background-repeat":"repeat","background-position":"center center","background-size":"auto","background-attachment":"scroll","background-type":"","background-media":"","overlay-type":"","overlay-color":"","overlay-opacity":"","overlay-gradient":""},"tablet":{"background-color":"","background-image":"","background-repeat":"repeat","background-position":"center center","background-size":"auto","background-attachment":"scroll","background-type":"","background-media":"","overlay-type":"","overlay-color":"","overlay-opacity":"","overlay-gradient":""},"mobile":{"background-color":"","background-image":"","background-repeat":"repeat","background-position":"center center","background-size":"auto","background-attachment":"scroll","background-type":"","background-media":"","overlay-type":"","overlay-color":"","overlay-opacity":"","overlay-gradient":""}},"ast-content-background-meta":{"desktop":{"background-color":"var(--ast-global-color-4)","background-image":"","background-repeat":"repeat","background-position":"center center","background-size":"auto","background-attachment":"scroll","background-type":"","background-media":"","overlay-type":"","overlay-color":"","overlay-opacity":"","overlay-gradient":""},"tablet":{"background-color":"var(--ast-global-color-4)","background-image":"","background-repeat":"repeat","background-position":"center center","background-size":"auto","background-attachment":"scroll","background-type":"","background-media":"","overlay-type":"","overlay-color":"","overlay-opacity":"","overlay-gradient":""},"mobile":{"background-color":"var(--ast-global-color-4)","background-image":"","background-repeat":"repeat","background-position":"center center","background-size":"auto","background-attachment":"scroll","background-type":"","background-media":"","overlay-type":"","overlay-color":"","overlay-opacity":"","overlay-gradient":""}}},"product_brand":[],"product_cat":[64],"product_tag":[],"class_list":{"0":"post-7484","1":"product","2":"type-product","3":"status-publish","4":"has-post-thumbnail","6":"product_cat-latex-care","7":"desktop-align-center","8":"tablet-align-center","9":"mobile-align-center","11":"first","12":"instock","13":"shipping-taxable","14":"purchasable","15":"product-type-simple"},"uagb_featured_image_src":{"full":["https:\/\/theardore.com\/wp-content\/uploads\/2025\/02\/BGWASH_LATEX_100_DE_0_mit_ICON.jpg",1666,2500,false],"thumbnail":["https:\/\/theardore.com\/wp-content\/uploads\/2025\/02\/BGWASH_LATEX_100_DE_0_mit_ICON-150x150.jpg",150,150,true],"medium":["https:\/\/theardore.com\/wp-content\/uploads\/2025\/02\/BGWASH_LATEX_100_DE_0_mit_ICON-200x300.jpg",200,300,true],"medium_large":["https:\/\/theardore.com\/wp-content\/uploads\/2025\/02\/BGWASH_LATEX_100_DE_0_mit_ICON-768x1152.jpg",768,1152,true],"large":["https:\/\/theardore.com\/wp-content\/uploads\/2025\/02\/BGWASH_LATEX_100_DE_0_mit_ICON-682x1024.jpg",682,1024,true],"1536x1536":["https:\/\/theardore.com\/wp-content\/uploads\/2025\/02\/BGWASH_LATEX_100_DE_0_mit_ICON-1024x1536.jpg",1024,1536,true],"2048x2048":["https:\/\/theardore.com\/wp-content\/uploads\/2025\/02\/BGWASH_LATEX_100_DE_0_mit_ICON-1365x2048.jpg",1365,2048,true],"trp-custom-language-flag":["https:\/\/theardore.com\/wp-content\/uploads\/2025\/02\/BGWASH_LATEX_100_DE_0_mit_ICON.jpg",8,12,false],"wishsuite-image":["https:\/\/theardore.com\/wp-content\/uploads\/2025\/02\/BGWASH_LATEX_100_DE_0_mit_ICON.jpg",53,80,false],"woocommerce_thumbnail":["https:\/\/theardore.com\/wp-content\/uploads\/2025\/02\/BGWASH_LATEX_100_DE_0_mit_ICON.jpg",1666,2500,false],"woocommerce_single":["https:\/\/theardore.com\/wp-content\/uploads\/2025\/02\/BGWASH_LATEX_100_DE_0_mit_ICON.jpg",1666,2500,false],"woocommerce_gallery_thumbnail":["https:\/\/theardore.com\/wp-content\/uploads\/2025\/02\/BGWASH_LATEX_100_DE_0_mit_ICON-100x100.jpg",100,100,true]},"uagb_author_info":{"display_name":"Soso","author_link":"https:\/\/theardore.com\/de\/author\/"},"uagb_comment_info":0,"uagb_excerpt":"Content: 100ml Made in Germany","_links":{"self":[{"href":"https:\/\/theardore.com\/de\/wp-json\/wp\/v2\/product\/7484","targetHints":{"allow":["GET"]}}],"collection":[{"href":"https:\/\/theardore.com\/de\/wp-json\/wp\/v2\/product"}],"about":[{"href":"https:\/\/theardore.com\/de\/wp-json\/wp\/v2\/types\/product"}],"wp:featuredmedia":[{"embeddable":true,"href":"https:\/\/theardore.com\/de\/wp-json\/wp\/v2\/media\/7485"}],"wp:attachment":[{"href":"https:\/\/theardore.com\/de\/wp-json\/wp\/v2\/media?parent=7484"}],"wp:term":[{"taxonomy":"product_brand","embeddable":true,"href":"https:\/\/theardore.com\/de\/wp-json\/wp\/v2\/product_brand?post=7484"},{"taxonomy":"product_cat","embeddable":true,"href":"https:\/\/theardore.com\/de\/wp-json\/wp\/v2\/product_cat?post=7484"},{"taxonomy":"product_tag","embeddable":true,"href":"https:\/\/theardore.com\/de\/wp-json\/wp\/v2\/product_tag?post=7484"}],"curies":[{"name":"wp","href":"https:\/\/api.w.org\/{rel}","templated":true}]}}