{"id":7410,"date":"2025-01-03T18:44:24","date_gmt":"2025-01-03T18:44:24","guid":{"rendered":"https:\/\/theardore.com\/?post_type=product&#038;p=7410"},"modified":"2026-03-20T15:43:29","modified_gmt":"2026-03-20T15:43:29","slug":"latex-cropped-top-plum","status":"publish","type":"product","link":"https:\/\/theardore.com\/de\/produkt\/latex-cropped-top-plum\/","title":{"rendered":"Latex Cropped Top"},"content":{"rendered":"<p>Das bauchfreie Oberteil besticht durch ein schlichtes, funktionales Design mit breiten Tr\u00e4gern und einem sicheren Sitz. Der klassische Schnitt sorgt f\u00fcr Komfort und Bewegungsfreiheit.<\/p>\n<p style=\"font-size: 12px; color: #888; margin-bottom: 3px;\">Auch verf\u00fcgbar in:<\/p>\n<div style=\"display: flex; gap: 5px; flex-wrap: wrap;\"><a href=\"https:\/\/theardore.com\/de\/produkt\/latex-cropped-top-green\/\"><img decoding=\"async\" style=\"width: 55px; height: auto; border: 1px solid #ccc; padding: 5px;\" src=\"https:\/\/theardore.com\/wp-content\/uploads\/2025\/01\/DSC0059-1.jpeg\" alt=\"Green\" \/><\/a><br \/>\n<a href=\"https:\/\/theardore.com\/de\/produkt\/latex-cropped-top-brown\/\"><img decoding=\"async\" style=\"width: 55px; height: auto; border: 1px solid #ccc; padding: 5px;\" src=\"https:\/\/theardore.com\/wp-content\/uploads\/2025\/01\/DSC0171.jpeg\" alt=\"Brown\" \/> <\/a><br \/>\n<a href=\"https:\/\/theardore.com\/de\/produkt\/latex-cropped-top-blue\/\"><img decoding=\"async\" style=\"width: 55px; height: auto; border: 1px solid #ccc; padding: 5px;\" src=\"https:\/\/theardore.com\/wp-content\/uploads\/2025\/01\/DSC0092-1.jpeg\" alt=\"Blue\" \/><\/a><br \/>\n<a href=\"https:\/\/theardore.com\/de\/produkt\/latex-cropped-top-black\/\"><img decoding=\"async\" style=\"width: 55px; height: auto; border: 1px solid #ccc; padding: 5px;\" src=\"https:\/\/theardore.com\/wp-content\/uploads\/2025\/01\/DSC0207.jpeg\" alt=\"Black\" \/> <\/a><\/div>","protected":false},"excerpt":{"rendered":"<ul>\n<li>Hergestellt aus 0,4 mm Naturlatex<\/li>\n<li>Hergestellt aus geschnittenem und geklebtem Latex<\/li>\n<li>Figurbetonte Passform<\/li>\n<li>Kurze L\u00e4nge<\/li>\n<li>Minimalistisches Design<\/li>\n<li>Bordeauxrot<\/li>\n<li>Handgefertigt in \u00d6sterreich<\/li>\n<\/ul>\n<p>Das Model ist 163cm \/ 5'4'' gro\u00df und tr\u00e4gt Gr\u00f6\u00dfe S.<\/p>","protected":false},"featured_media":13686,"template":"","meta":{"_uag_custom_page_level_css":"","site-sidebar-layout":"default","site-content-layout":"","ast-site-content-layout":"default","site-content-style":"default","site-sidebar-style":"default","ast-global-header-display":"","ast-banner-title-visibility":"","ast-main-header-display":"","ast-hfb-above-header-display":"","ast-hfb-below-header-display":"","ast-hfb-mobile-header-display":"","site-post-title":"","ast-breadcrumbs-content":"","ast-featured-img":"","footer-sml-layout":"","ast-disable-related-posts":"","theme-transparent-header-meta":"default","adv-header-id-meta":"","stick-header-meta":"","header-above-stick-meta":"","header-main-stick-meta":"","header-below-stick-meta":"","astra-migrate-meta-layouts":"set","ast-page-background-enabled":"default","ast-page-background-meta":{"desktop":{"background-color":"","background-image":"","background-repeat":"repeat","background-position":"center center","background-size":"auto","background-attachment":"scroll","background-type":"","background-media":"","overlay-type":"","overlay-color":"","overlay-opacity":"","overlay-gradient":""},"tablet":{"background-color":"","background-image":"","background-repeat":"repeat","background-position":"center center","background-size":"auto","background-attachment":"scroll","background-type":"","background-media":"","overlay-type":"","overlay-color":"","overlay-opacity":"","overlay-gradient":""},"mobile":{"background-color":"","background-image":"","background-repeat":"repeat","background-position":"center center","background-size":"auto","background-attachment":"scroll","background-type":"","background-media":"","overlay-type":"","overlay-color":"","overlay-opacity":"","overlay-gradient":""}},"ast-content-background-meta":{"desktop":{"background-color":"var(--ast-global-color-4)","background-image":"","background-repeat":"repeat","background-position":"center center","background-size":"auto","background-attachment":"scroll","background-type":"","background-media":"","overlay-type":"","overlay-color":"","overlay-opacity":"","overlay-gradient":""},"tablet":{"background-color":"var(--ast-global-color-4)","background-image":"","background-repeat":"repeat","background-position":"center center","background-size":"auto","background-attachment":"scroll","background-type":"","background-media":"","overlay-type":"","overlay-color":"","overlay-opacity":"","overlay-gradient":""},"mobile":{"background-color":"var(--ast-global-color-4)","background-image":"","background-repeat":"repeat","background-position":"center center","background-size":"auto","background-attachment":"scroll","background-type":"","background-media":"","overlay-type":"","overlay-color":"","overlay-opacity":"","overlay-gradient":""}}},"product_brand":[],"product_cat":[30,40,134,45],"product_tag":[],"class_list":{"0":"post-7410","1":"product","2":"type-product","3":"status-publish","4":"has-post-thumbnail","6":"product_cat-latex","7":"product_cat-lingerie","8":"product_cat-the-basics","9":"product_cat-tops","10":"pa_xs-s-m-l-xl-xxl-l","11":"pa_xs-s-m-l-xl-xxl-m","12":"pa_xs-s-m-l-xl-xxl-s","13":"pa_xs-s-m-l-xl-xxl-xl","14":"pa_xs-s-m-l-xl-xxl-xs","15":"pa_xs-s-m-l-xl-xxl-xxl","16":"desktop-align-center","17":"tablet-align-center","18":"mobile-align-center","20":"first","21":"instock","22":"shipping-taxable","23":"purchasable","24":"product-type-variable"},"uagb_featured_image_src":{"full":["https:\/\/theardore.com\/wp-content\/uploads\/2025\/01\/DSC0133.jpeg",800,1200,false],"thumbnail":["https:\/\/theardore.com\/wp-content\/uploads\/2025\/01\/DSC0133-150x150.jpeg",150,150,true],"medium":["https:\/\/theardore.com\/wp-content\/uploads\/2025\/01\/DSC0133-200x300.jpeg",200,300,true],"medium_large":["https:\/\/theardore.com\/wp-content\/uploads\/2025\/01\/DSC0133-768x1152.jpeg",768,1152,true],"large":["https:\/\/theardore.com\/wp-content\/uploads\/2025\/01\/DSC0133-683x1024.jpeg",683,1024,true],"1536x1536":["https:\/\/theardore.com\/wp-content\/uploads\/2025\/01\/DSC0133.jpeg",800,1200,false],"2048x2048":["https:\/\/theardore.com\/wp-content\/uploads\/2025\/01\/DSC0133.jpeg",800,1200,false],"trp-custom-language-flag":["https:\/\/theardore.com\/wp-content\/uploads\/2025\/01\/DSC0133-8x12.jpeg",8,12,true],"wishsuite-image":["https:\/\/theardore.com\/wp-content\/uploads\/2025\/01\/DSC0133-53x80.jpeg",53,80,true],"woocommerce_thumbnail":["https:\/\/theardore.com\/wp-content\/uploads\/2025\/01\/DSC0133.jpeg",800,1200,false],"woocommerce_single":["https:\/\/theardore.com\/wp-content\/uploads\/2025\/01\/DSC0133.jpeg",800,1200,false],"woocommerce_gallery_thumbnail":["https:\/\/theardore.com\/wp-content\/uploads\/2025\/01\/DSC0133-100x100.jpeg",100,100,true]},"uagb_author_info":{"display_name":"Soso","author_link":"https:\/\/theardore.com\/de\/author\/"},"uagb_comment_info":0,"uagb_excerpt":"Crafted from 0.4 mm natural latex Constructed from cut-and-bonded latex sheeting Fitted silhouette Cropped length Minimal design Plum Handcrafted in Austria The model is 163cm \/ 5'4'' tall and wears size S.","_links":{"self":[{"href":"https:\/\/theardore.com\/de\/wp-json\/wp\/v2\/product\/7410","targetHints":{"allow":["GET"]}}],"collection":[{"href":"https:\/\/theardore.com\/de\/wp-json\/wp\/v2\/product"}],"about":[{"href":"https:\/\/theardore.com\/de\/wp-json\/wp\/v2\/types\/product"}],"wp:featuredmedia":[{"embeddable":true,"href":"https:\/\/theardore.com\/de\/wp-json\/wp\/v2\/media\/13686"}],"wp:attachment":[{"href":"https:\/\/theardore.com\/de\/wp-json\/wp\/v2\/media?parent=7410"}],"wp:term":[{"taxonomy":"product_brand","embeddable":true,"href":"https:\/\/theardore.com\/de\/wp-json\/wp\/v2\/product_brand?post=7410"},{"taxonomy":"product_cat","embeddable":true,"href":"https:\/\/theardore.com\/de\/wp-json\/wp\/v2\/product_cat?post=7410"},{"taxonomy":"product_tag","embeddable":true,"href":"https:\/\/theardore.com\/de\/wp-json\/wp\/v2\/product_tag?post=7410"}],"curies":[{"name":"wp","href":"https:\/\/api.w.org\/{rel}","templated":true}]}}