{"id":7202,"date":"2025-11-29T19:59:37","date_gmt":"2025-11-29T19:59:37","guid":{"rendered":"https:\/\/theardore.com\/?post_type=product&#038;p=7202"},"modified":"2026-03-23T08:29:21","modified_gmt":"2026-03-23T08:29:21","slug":"ardore-racer-cut-out-dress-green","status":"publish","type":"product","link":"https:\/\/theardore.com\/de\/produkt\/ardore-racer-cut-out-dress-green\/","title":{"rendered":"Racer Cut-Out Kleid"},"content":{"rendered":"<p>Ein elegantes, figurbetontes Kleid aus gr\u00fcnem Latex mit kr\u00e4ftigen schwarzen Akzenten f\u00fcr einen auff\u00e4lligen Kontrast. Der sportliche Schnitt ist mit einem charakteristischen Brustausschnitt versehen, der dem Design eine dynamische Note verleiht.<\/p>\n<p style=\"font-size: 12px; color: #888; margin-bottom: 3px;\">Auch verf\u00fcgbar in:<\/p>\n<div style=\"display: flex; gap: 5px; flex-wrap: wrap;\"><a href=\"https:\/\/theardore.com\/de\/produkt\/ardore-racer-cut-out-dress-black\/\"><img decoding=\"async\" style=\"width: 60px; height: auto; border: 1px solid #ccc; padding: 5px;\" src=\"https:\/\/theardore.com\/wp-content\/uploads\/2025\/11\/DSC0956.jpeg\" alt=\"Black\" \/><br \/>\n<\/a><\/div>","protected":false},"excerpt":{"rendered":"<ul>\n<li>Hergestellt aus 0,4 mm Naturlatex<\/li>\n<li>Hergestellt aus geschnittenem und geklebtem Latex<\/li>\n<li>Hoher Kragen<\/li>\n<li>Runder Brustausschnitt<\/li>\n<li>Kontraststreifen<\/li>\n<li>Rei\u00dfverschluss am R\u00fccken (YKK)<\/li>\n<li>Gr\u00fcn \/ Schwarz<\/li>\n<li>Handgefertigt in \u00d6sterreich<\/li>\n<\/ul>\n<p>Das Model ist 163cm \/ 5'4'' gro\u00df und tr\u00e4gt Gr\u00f6\u00dfe S.<\/p>","protected":false},"featured_media":13519,"template":"","meta":{"_uag_custom_page_level_css":"","site-sidebar-layout":"default","site-content-layout":"","ast-site-content-layout":"default","site-content-style":"default","site-sidebar-style":"default","ast-global-header-display":"","ast-banner-title-visibility":"","ast-main-header-display":"","ast-hfb-above-header-display":"","ast-hfb-below-header-display":"","ast-hfb-mobile-header-display":"","site-post-title":"","ast-breadcrumbs-content":"","ast-featured-img":"","footer-sml-layout":"","ast-disable-related-posts":"","theme-transparent-header-meta":"default","adv-header-id-meta":"","stick-header-meta":"","header-above-stick-meta":"","header-main-stick-meta":"","header-below-stick-meta":"","astra-migrate-meta-layouts":"set","ast-page-background-enabled":"default","ast-page-background-meta":{"desktop":{"background-color":"","background-image":"","background-repeat":"repeat","background-position":"center center","background-size":"auto","background-attachment":"scroll","background-type":"","background-media":"","overlay-type":"","overlay-color":"","overlay-opacity":"","overlay-gradient":""},"tablet":{"background-color":"","background-image":"","background-repeat":"repeat","background-position":"center center","background-size":"auto","background-attachment":"scroll","background-type":"","background-media":"","overlay-type":"","overlay-color":"","overlay-opacity":"","overlay-gradient":""},"mobile":{"background-color":"","background-image":"","background-repeat":"repeat","background-position":"center center","background-size":"auto","background-attachment":"scroll","background-type":"","background-media":"","overlay-type":"","overlay-color":"","overlay-opacity":"","overlay-gradient":""}},"ast-content-background-meta":{"desktop":{"background-color":"var(--ast-global-color-4)","background-image":"","background-repeat":"repeat","background-position":"center center","background-size":"auto","background-attachment":"scroll","background-type":"","background-media":"","overlay-type":"","overlay-color":"","overlay-opacity":"","overlay-gradient":""},"tablet":{"background-color":"var(--ast-global-color-4)","background-image":"","background-repeat":"repeat","background-position":"center center","background-size":"auto","background-attachment":"scroll","background-type":"","background-media":"","overlay-type":"","overlay-color":"","overlay-opacity":"","overlay-gradient":""},"mobile":{"background-color":"var(--ast-global-color-4)","background-image":"","background-repeat":"repeat","background-position":"center center","background-size":"auto","background-attachment":"scroll","background-type":"","background-media":"","overlay-type":"","overlay-color":"","overlay-opacity":"","overlay-gradient":""}}},"product_brand":[],"product_cat":[63,43,30],"product_tag":[],"class_list":{"0":"post-7202","1":"product","2":"type-product","3":"status-publish","4":"has-post-thumbnail","6":"product_cat-ardore-special-collection","7":"product_cat-dresses","8":"product_cat-latex","9":"pa_xs-s-m-l-xl-xxl-l","10":"pa_xs-s-m-l-xl-xxl-m","11":"pa_xs-s-m-l-xl-xxl-s","12":"pa_xs-s-m-l-xl-xxl-xl","13":"pa_xs-s-m-l-xl-xxl-xs","14":"pa_xs-s-m-l-xl-xxl-xxl","15":"desktop-align-center","16":"tablet-align-center","17":"mobile-align-center","19":"first","20":"instock","21":"shipping-taxable","22":"purchasable","23":"product-type-variable"},"uagb_featured_image_src":{"full":["https:\/\/theardore.com\/wp-content\/uploads\/2025\/11\/DSC0902-2-scaled.jpeg",1706,2560,false],"thumbnail":["https:\/\/theardore.com\/wp-content\/uploads\/2025\/11\/DSC0902-2-150x150.jpeg",150,150,true],"medium":["https:\/\/theardore.com\/wp-content\/uploads\/2025\/11\/DSC0902-2-200x300.jpeg",200,300,true],"medium_large":["https:\/\/theardore.com\/wp-content\/uploads\/2025\/11\/DSC0902-2-768x1152.jpeg",768,1152,true],"large":["https:\/\/theardore.com\/wp-content\/uploads\/2025\/11\/DSC0902-2-683x1024.jpeg",683,1024,true],"1536x1536":["https:\/\/theardore.com\/wp-content\/uploads\/2025\/11\/DSC0902-2-1024x1536.jpeg",1024,1536,true],"2048x2048":["https:\/\/theardore.com\/wp-content\/uploads\/2025\/11\/DSC0902-2-1365x2048.jpeg",1365,2048,true],"trp-custom-language-flag":["https:\/\/theardore.com\/wp-content\/uploads\/2025\/11\/DSC0902-2-8x12.jpeg",8,12,true],"wishsuite-image":["https:\/\/theardore.com\/wp-content\/uploads\/2025\/11\/DSC0902-2-53x80.jpeg",53,80,true],"woocommerce_thumbnail":["https:\/\/theardore.com\/wp-content\/uploads\/2025\/11\/DSC0902-2-scaled.jpeg",1706,2560,false],"woocommerce_single":["https:\/\/theardore.com\/wp-content\/uploads\/2025\/11\/DSC0902-2-scaled.jpeg",1706,2560,false],"woocommerce_gallery_thumbnail":["https:\/\/theardore.com\/wp-content\/uploads\/2025\/11\/DSC0902-2-100x100.jpeg",100,100,true]},"uagb_author_info":{"display_name":"Soso","author_link":"https:\/\/theardore.com\/de\/author\/"},"uagb_comment_info":0,"uagb_excerpt":"Crafted from 0.4 mm natural latex Constructed from cut-and-bonded latex sheeting High collar Front cut-out Contrast stripe detailing Back zip closure (YKK) Green \/ Black Handcrafted in Austria The model is 163cm \/ 5\u20194\u201d tall and wears size S.","_links":{"self":[{"href":"https:\/\/theardore.com\/de\/wp-json\/wp\/v2\/product\/7202","targetHints":{"allow":["GET"]}}],"collection":[{"href":"https:\/\/theardore.com\/de\/wp-json\/wp\/v2\/product"}],"about":[{"href":"https:\/\/theardore.com\/de\/wp-json\/wp\/v2\/types\/product"}],"wp:featuredmedia":[{"embeddable":true,"href":"https:\/\/theardore.com\/de\/wp-json\/wp\/v2\/media\/13519"}],"wp:attachment":[{"href":"https:\/\/theardore.com\/de\/wp-json\/wp\/v2\/media?parent=7202"}],"wp:term":[{"taxonomy":"product_brand","embeddable":true,"href":"https:\/\/theardore.com\/de\/wp-json\/wp\/v2\/product_brand?post=7202"},{"taxonomy":"product_cat","embeddable":true,"href":"https:\/\/theardore.com\/de\/wp-json\/wp\/v2\/product_cat?post=7202"},{"taxonomy":"product_tag","embeddable":true,"href":"https:\/\/theardore.com\/de\/wp-json\/wp\/v2\/product_tag?post=7202"}],"curies":[{"name":"wp","href":"https:\/\/api.w.org\/{rel}","templated":true}]}}