{"id":7105,"date":"2025-10-25T19:10:57","date_gmt":"2025-10-25T19:10:57","guid":{"rendered":"https:\/\/theardore.com\/?post_type=product&#038;p=7105"},"modified":"2026-03-20T16:23:38","modified_gmt":"2026-03-20T16:23:38","slug":"high-neck-croc-body-with-zip","status":"publish","type":"product","link":"https:\/\/theardore.com\/de\/produkt\/high-neck-croc-body-with-zip\/","title":{"rendered":"Hochgeschlossener Body mit Kroko-Pr\u00e4gung und Zip"},"content":{"rendered":"<p>Dieser Body hat einen hohen Halsausschnitt und einen Rei\u00dfverschluss auf der R\u00fcckseite, der das Tragen erleichtert. Er ist aus Latex mit Kroko-Pr\u00e4gung gefertigt und bietet einen strukturierten Look.<\/p>","protected":false},"excerpt":{"rendered":"<ul>\n<li>Hergestellt aus 0,4 mm Naturlatex<\/li>\n<li>Hergestellt aus geschnittenem und geklebtem Latex<\/li>\n<li>Figurbetonte Passform<\/li>\n<li>Hoher Kragen<\/li>\n<li>Rei\u00dfverschluss am R\u00fccken (YKK)<\/li>\n<li>Gepr\u00e4gte Kroko-Struktur<\/li>\n<li>Handgefertigt in \u00d6sterreich<\/li>\n<\/ul>\n<p>Das Model ist 163cm \/ 5'4'' gro\u00df und tr\u00e4gt Gr\u00f6\u00dfe S.<\/p>","protected":false},"featured_media":13493,"template":"","meta":{"_uag_custom_page_level_css":"","site-sidebar-layout":"default","site-content-layout":"","ast-site-content-layout":"default","site-content-style":"default","site-sidebar-style":"default","ast-global-header-display":"","ast-banner-title-visibility":"","ast-main-header-display":"","ast-hfb-above-header-display":"","ast-hfb-below-header-display":"","ast-hfb-mobile-header-display":"","site-post-title":"","ast-breadcrumbs-content":"","ast-featured-img":"","footer-sml-layout":"","ast-disable-related-posts":"","theme-transparent-header-meta":"default","adv-header-id-meta":"","stick-header-meta":"","header-above-stick-meta":"","header-main-stick-meta":"","header-below-stick-meta":"","astra-migrate-meta-layouts":"set","ast-page-background-enabled":"default","ast-page-background-meta":{"desktop":{"background-color":"","background-image":"","background-repeat":"repeat","background-position":"center center","background-size":"auto","background-attachment":"scroll","background-type":"","background-media":"","overlay-type":"","overlay-color":"","overlay-opacity":"","overlay-gradient":""},"tablet":{"background-color":"","background-image":"","background-repeat":"repeat","background-position":"center center","background-size":"auto","background-attachment":"scroll","background-type":"","background-media":"","overlay-type":"","overlay-color":"","overlay-opacity":"","overlay-gradient":""},"mobile":{"background-color":"","background-image":"","background-repeat":"repeat","background-position":"center center","background-size":"auto","background-attachment":"scroll","background-type":"","background-media":"","overlay-type":"","overlay-color":"","overlay-opacity":"","overlay-gradient":""}},"ast-content-background-meta":{"desktop":{"background-color":"var(--ast-global-color-4)","background-image":"","background-repeat":"repeat","background-position":"center center","background-size":"auto","background-attachment":"scroll","background-type":"","background-media":"","overlay-type":"","overlay-color":"","overlay-opacity":"","overlay-gradient":""},"tablet":{"background-color":"var(--ast-global-color-4)","background-image":"","background-repeat":"repeat","background-position":"center center","background-size":"auto","background-attachment":"scroll","background-type":"","background-media":"","overlay-type":"","overlay-color":"","overlay-opacity":"","overlay-gradient":""},"mobile":{"background-color":"var(--ast-global-color-4)","background-image":"","background-repeat":"repeat","background-position":"center center","background-size":"auto","background-attachment":"scroll","background-type":"","background-media":"","overlay-type":"","overlay-color":"","overlay-opacity":"","overlay-gradient":""}}},"product_brand":[],"product_cat":[63,42,30],"product_tag":[],"class_list":{"0":"post-7105","1":"product","2":"type-product","3":"status-publish","4":"has-post-thumbnail","6":"product_cat-ardore-special-collection","7":"product_cat-bodies-swimwear","8":"product_cat-latex","9":"pa_xs-s-m-l-xl-xxl-l","10":"pa_xs-s-m-l-xl-xxl-m","11":"pa_xs-s-m-l-xl-xxl-s","12":"pa_xs-s-m-l-xl-xxl-xl","13":"pa_xs-s-m-l-xl-xxl-xs","14":"pa_xs-s-m-l-xl-xxl-xxl","15":"desktop-align-center","16":"tablet-align-center","17":"mobile-align-center","19":"first","20":"instock","21":"shipping-taxable","22":"purchasable","23":"product-type-variable"},"uagb_featured_image_src":{"full":["https:\/\/theardore.com\/wp-content\/uploads\/2025\/10\/DSC0841-1.jpeg",500,750,false],"thumbnail":["https:\/\/theardore.com\/wp-content\/uploads\/2025\/10\/DSC0841-1-150x150.jpeg",150,150,true],"medium":["https:\/\/theardore.com\/wp-content\/uploads\/2025\/10\/DSC0841-1-200x300.jpeg",200,300,true],"medium_large":["https:\/\/theardore.com\/wp-content\/uploads\/2025\/10\/DSC0841-1.jpeg",500,750,false],"large":["https:\/\/theardore.com\/wp-content\/uploads\/2025\/10\/DSC0841-1.jpeg",500,750,false],"1536x1536":["https:\/\/theardore.com\/wp-content\/uploads\/2025\/10\/DSC0841-1.jpeg",500,750,false],"2048x2048":["https:\/\/theardore.com\/wp-content\/uploads\/2025\/10\/DSC0841-1.jpeg",500,750,false],"trp-custom-language-flag":["https:\/\/theardore.com\/wp-content\/uploads\/2025\/10\/DSC0841-1-8x12.jpeg",8,12,true],"wishsuite-image":["https:\/\/theardore.com\/wp-content\/uploads\/2025\/10\/DSC0841-1-53x80.jpeg",53,80,true],"woocommerce_thumbnail":["https:\/\/theardore.com\/wp-content\/uploads\/2025\/10\/DSC0841-1.jpeg",500,750,false],"woocommerce_single":["https:\/\/theardore.com\/wp-content\/uploads\/2025\/10\/DSC0841-1.jpeg",500,750,false],"woocommerce_gallery_thumbnail":["https:\/\/theardore.com\/wp-content\/uploads\/2025\/10\/DSC0841-1-100x100.jpeg",100,100,true]},"uagb_author_info":{"display_name":"Soso","author_link":"https:\/\/theardore.com\/de\/author\/"},"uagb_comment_info":0,"uagb_excerpt":"Crafted from 0.4 mm natural latex Constructed from cut-and-bonded latex sheeting Fitted silhouette High neck Back zip (YKK) Textured croc-embossed finish Handcrafted in Austria The model is 163cm \/ 5\u20194\u201d tall and wears size S.","_links":{"self":[{"href":"https:\/\/theardore.com\/de\/wp-json\/wp\/v2\/product\/7105","targetHints":{"allow":["GET"]}}],"collection":[{"href":"https:\/\/theardore.com\/de\/wp-json\/wp\/v2\/product"}],"about":[{"href":"https:\/\/theardore.com\/de\/wp-json\/wp\/v2\/types\/product"}],"wp:featuredmedia":[{"embeddable":true,"href":"https:\/\/theardore.com\/de\/wp-json\/wp\/v2\/media\/13493"}],"wp:attachment":[{"href":"https:\/\/theardore.com\/de\/wp-json\/wp\/v2\/media?parent=7105"}],"wp:term":[{"taxonomy":"product_brand","embeddable":true,"href":"https:\/\/theardore.com\/de\/wp-json\/wp\/v2\/product_brand?post=7105"},{"taxonomy":"product_cat","embeddable":true,"href":"https:\/\/theardore.com\/de\/wp-json\/wp\/v2\/product_cat?post=7105"},{"taxonomy":"product_tag","embeddable":true,"href":"https:\/\/theardore.com\/de\/wp-json\/wp\/v2\/product_tag?post=7105"}],"curies":[{"name":"wp","href":"https:\/\/api.w.org\/{rel}","templated":true}]}}