{"id":6773,"date":"2024-12-28T13:36:02","date_gmt":"2024-12-28T13:36:02","guid":{"rendered":"https:\/\/theardore.com\/?post_type=product&#038;p=6773"},"modified":"2026-03-23T10:04:52","modified_gmt":"2026-03-23T10:04:52","slug":"wide-croc-embossed-leather-belt-with-steel-ring","status":"publish","type":"product","link":"https:\/\/theardore.com\/de\/produkt\/wide-croc-embossed-leather-belt-with-steel-ring\/","title":{"rendered":"Breiter Lederg\u00fcrtel mit Krokodilpr\u00e4gung und Stahlring"},"content":{"rendered":"<p>Der breite G\u00fcrtel ist aus hochwertigem, schwarzem, italienischem Leder mit Krokopr\u00e4gung gefertigt. Er hat zwei verstellbare Riemen und ist mit Nieten und Ringen aus Edelstahl verziert.<\/p>","protected":false},"excerpt":{"rendered":"<ul>\n<li>Hergestellt aus hochwertigem recyceltem italienischem Leder<\/li>\n<li>Hochwertiges kroko-gepr\u00e4gtes Rindsleder<\/li>\n<li>Zwei verstellbare Riemen<\/li>\n<li>Handgefertigt in \u00d6sterreich<\/li>\n<li>Edelstahl Nieten und Ringe<\/li>\n<\/ul>","protected":false},"featured_media":13786,"template":"","meta":{"_uag_custom_page_level_css":"","site-sidebar-layout":"default","site-content-layout":"","ast-site-content-layout":"default","site-content-style":"default","site-sidebar-style":"default","ast-global-header-display":"","ast-banner-title-visibility":"","ast-main-header-display":"","ast-hfb-above-header-display":"","ast-hfb-below-header-display":"","ast-hfb-mobile-header-display":"","site-post-title":"","ast-breadcrumbs-content":"","ast-featured-img":"","footer-sml-layout":"","ast-disable-related-posts":"","theme-transparent-header-meta":"default","adv-header-id-meta":"","stick-header-meta":"","header-above-stick-meta":"","header-main-stick-meta":"","header-below-stick-meta":"","astra-migrate-meta-layouts":"set","ast-page-background-enabled":"default","ast-page-background-meta":{"desktop":{"background-color":"","background-image":"","background-repeat":"repeat","background-position":"center center","background-size":"auto","background-attachment":"scroll","background-type":"","background-media":"","overlay-type":"","overlay-color":"","overlay-opacity":"","overlay-gradient":""},"tablet":{"background-color":"","background-image":"","background-repeat":"repeat","background-position":"center center","background-size":"auto","background-attachment":"scroll","background-type":"","background-media":"","overlay-type":"","overlay-color":"","overlay-opacity":"","overlay-gradient":""},"mobile":{"background-color":"","background-image":"","background-repeat":"repeat","background-position":"center center","background-size":"auto","background-attachment":"scroll","background-type":"","background-media":"","overlay-type":"","overlay-color":"","overlay-opacity":"","overlay-gradient":""}},"ast-content-background-meta":{"desktop":{"background-color":"var(--ast-global-color-4)","background-image":"","background-repeat":"repeat","background-position":"center center","background-size":"auto","background-attachment":"scroll","background-type":"","background-media":"","overlay-type":"","overlay-color":"","overlay-opacity":"","overlay-gradient":""},"tablet":{"background-color":"var(--ast-global-color-4)","background-image":"","background-repeat":"repeat","background-position":"center center","background-size":"auto","background-attachment":"scroll","background-type":"","background-media":"","overlay-type":"","overlay-color":"","overlay-opacity":"","overlay-gradient":""},"mobile":{"background-color":"var(--ast-global-color-4)","background-image":"","background-repeat":"repeat","background-position":"center center","background-size":"auto","background-attachment":"scroll","background-type":"","background-media":"","overlay-type":"","overlay-color":"","overlay-opacity":"","overlay-gradient":""}}},"product_brand":[],"product_cat":[63,48,31],"product_tag":[],"class_list":{"0":"post-6773","1":"product","2":"type-product","3":"status-publish","4":"has-post-thumbnail","6":"product_cat-ardore-special-collection","7":"product_cat-belts","8":"product_cat-leather","9":"desktop-align-center","10":"tablet-align-center","11":"mobile-align-center","13":"first","14":"instock","15":"shipping-taxable","16":"purchasable","17":"product-type-variable"},"uagb_featured_image_src":{"full":["https:\/\/theardore.com\/wp-content\/uploads\/2025\/10\/DSC0541-2.jpeg",700,1050,false],"thumbnail":["https:\/\/theardore.com\/wp-content\/uploads\/2025\/10\/DSC0541-2-150x150.jpeg",150,150,true],"medium":["https:\/\/theardore.com\/wp-content\/uploads\/2025\/10\/DSC0541-2-200x300.jpeg",200,300,true],"medium_large":["https:\/\/theardore.com\/wp-content\/uploads\/2025\/10\/DSC0541-2.jpeg",700,1050,false],"large":["https:\/\/theardore.com\/wp-content\/uploads\/2025\/10\/DSC0541-2-683x1024.jpeg",683,1024,true],"1536x1536":["https:\/\/theardore.com\/wp-content\/uploads\/2025\/10\/DSC0541-2.jpeg",700,1050,false],"2048x2048":["https:\/\/theardore.com\/wp-content\/uploads\/2025\/10\/DSC0541-2.jpeg",700,1050,false],"trp-custom-language-flag":["https:\/\/theardore.com\/wp-content\/uploads\/2025\/10\/DSC0541-2-8x12.jpeg",8,12,true],"wishsuite-image":["https:\/\/theardore.com\/wp-content\/uploads\/2025\/10\/DSC0541-2-53x80.jpeg",53,80,true],"woocommerce_thumbnail":["https:\/\/theardore.com\/wp-content\/uploads\/2025\/10\/DSC0541-2.jpeg",700,1050,false],"woocommerce_single":["https:\/\/theardore.com\/wp-content\/uploads\/2025\/10\/DSC0541-2.jpeg",700,1050,false],"woocommerce_gallery_thumbnail":["https:\/\/theardore.com\/wp-content\/uploads\/2025\/10\/DSC0541-2-100x100.jpeg",100,100,true]},"uagb_author_info":{"display_name":"Soso","author_link":"https:\/\/theardore.com\/de\/author\/"},"uagb_comment_info":0,"uagb_excerpt":"Crafted from premium recycled Italian leather Croc-embossed cow leather Two adjustable straps Handcrafted in Austria Stainless steel rivets and rings","_links":{"self":[{"href":"https:\/\/theardore.com\/de\/wp-json\/wp\/v2\/product\/6773","targetHints":{"allow":["GET"]}}],"collection":[{"href":"https:\/\/theardore.com\/de\/wp-json\/wp\/v2\/product"}],"about":[{"href":"https:\/\/theardore.com\/de\/wp-json\/wp\/v2\/types\/product"}],"wp:featuredmedia":[{"embeddable":true,"href":"https:\/\/theardore.com\/de\/wp-json\/wp\/v2\/media\/13786"}],"wp:attachment":[{"href":"https:\/\/theardore.com\/de\/wp-json\/wp\/v2\/media?parent=6773"}],"wp:term":[{"taxonomy":"product_brand","embeddable":true,"href":"https:\/\/theardore.com\/de\/wp-json\/wp\/v2\/product_brand?post=6773"},{"taxonomy":"product_cat","embeddable":true,"href":"https:\/\/theardore.com\/de\/wp-json\/wp\/v2\/product_cat?post=6773"},{"taxonomy":"product_tag","embeddable":true,"href":"https:\/\/theardore.com\/de\/wp-json\/wp\/v2\/product_tag?post=6773"}],"curies":[{"name":"wp","href":"https:\/\/api.w.org\/{rel}","templated":true}]}}