{"id":9969,"date":"2025-04-06T18:40:15","date_gmt":"2025-04-06T18:40:15","guid":{"rendered":"https:\/\/theardore.com\/?page_id=9969"},"modified":"2025-06-13T14:20:32","modified_gmt":"2025-06-13T14:20:32","slug":"material-info","status":"publish","type":"page","link":"https:\/\/theardore.com\/de\/material-info\/","title":{"rendered":"Pflegehinweise"},"content":{"rendered":"<div data-elementor-type=\"wp-page\" data-elementor-id=\"9969\" class=\"elementor elementor-9969\">\n\t\t\t\t<div class=\"elementor-element elementor-element-596d664 e-flex e-con-boxed e-con e-parent\" data-id=\"596d664\" data-element_type=\"container\" data-e-type=\"container\">\n\t\t\t\t\t<div class=\"e-con-inner\">\n\t\t\t\t<div class=\"elementor-element elementor-element-989b98c elementor-widget elementor-widget-heading\" data-id=\"989b98c\" data-element_type=\"widget\" data-e-type=\"widget\" data-widget_type=\"heading.default\">\n\t\t\t\t<div class=\"elementor-widget-container\">\n\t\t\t\t\t<h2 class=\"elementor-heading-title elementor-size-default\">Pflegehinweise<\/h2>\t\t\t\t<\/div>\n\t\t\t\t<\/div>\n\t\t\t\t<div class=\"elementor-element elementor-element-b73f578 elementor-widget elementor-widget-text-editor\" data-id=\"b73f578\" data-element_type=\"widget\" data-e-type=\"widget\" data-widget_type=\"text-editor.default\">\n\t\t\t\t<div class=\"elementor-widget-container\">\n\t\t\t\t\t\t\t\t\t<p>Um das einzigartige Aussehen der Ardore-St\u00fccke zu bewahren, ist die richtige Pflege notwendig. Behandle jedes St\u00fcck mit Aufmerksamkeit und es bleibt so sch\u00f6n wie am ersten Tag.<\/p>\t\t\t\t\t\t\t\t<\/div>\n\t\t\t\t<\/div>\n\t\t\t\t\t<\/div>\n\t\t\t\t<\/div>\n\t\t<div class=\"elementor-element elementor-element-ff2989f e-flex e-con-boxed e-con e-parent\" data-id=\"ff2989f\" data-element_type=\"container\" data-e-type=\"container\">\n\t\t\t\t\t<div class=\"e-con-inner\">\n\t\t<div class=\"elementor-element elementor-element-1eced8c e-con-full e-flex e-con e-child\" data-id=\"1eced8c\" data-element_type=\"container\" data-e-type=\"container\">\n\t\t\t\t<div class=\"elementor-element elementor-element-722dc48 elementor-widget elementor-widget-heading\" data-id=\"722dc48\" data-element_type=\"widget\" data-e-type=\"widget\" data-widget_type=\"heading.default\">\n\t\t\t\t<div class=\"elementor-widget-container\">\n\t\t\t\t\t<h2 class=\"elementor-heading-title elementor-size-default\">Latex<\/h2>\t\t\t\t<\/div>\n\t\t\t\t<\/div>\n\t\t\t\t<\/div>\n\t\t<div class=\"elementor-element elementor-element-4f6c017 e-con-full e-flex e-con e-child\" data-id=\"4f6c017\" data-element_type=\"container\" data-e-type=\"container\">\n\t\t\t\t<div class=\"elementor-element elementor-element-aa5d52a elementor-widget elementor-widget-heading\" data-id=\"aa5d52a\" data-element_type=\"widget\" data-e-type=\"widget\" data-widget_type=\"heading.default\">\n\t\t\t\t<div class=\"elementor-widget-container\">\n\t\t\t\t\t<h2 class=\"elementor-heading-title elementor-size-default\">Leder<\/h2>\t\t\t\t<\/div>\n\t\t\t\t<\/div>\n\t\t\t\t<\/div>\n\t\t\t\t\t<\/div>\n\t\t\t\t<\/div>\n\t\t<div class=\"elementor-element elementor-element-44adbb0 e-flex e-con-boxed e-con e-parent\" data-id=\"44adbb0\" data-element_type=\"container\" data-e-type=\"container\">\n\t\t\t\t\t<div class=\"e-con-inner\">\n\t\t<div class=\"elementor-element elementor-element-676e005 e-con-full e-flex e-con e-child\" data-id=\"676e005\" data-element_type=\"container\" data-e-type=\"container\">\n\t\t\t\t<div class=\"elementor-element elementor-element-288dc1d elementor-widget elementor-widget-text-editor\" data-id=\"288dc1d\" data-element_type=\"widget\" data-e-type=\"widget\" data-widget_type=\"text-editor.default\">\n\t\t\t\t<div class=\"elementor-widget-container\">\n\t\t\t\t\t\t\t\t\t<p data-start=\"171\" data-end=\"320\"><strong>Reinigung:<\/strong><\/p><p class=\"\" data-start=\"171\" data-end=\"320\">Um sicherzustellen, dass deine Ardore Latexst\u00fccke makellos bleiben, folge dieser Schritt-f\u00fcr-Schritt Pflege-Routine mit ausgew\u00e4hlten BeGloss Produkten:<\/p><ol data-start=\"322\" data-end=\"1141\"><li class=\"\" data-start=\"322\" data-end=\"516\"><p class=\"\" data-start=\"325\" data-end=\"516\"><strong data-start=\"325\" data-end=\"341\">Sanfte Reinigung<\/strong><br data-start=\"341\" data-end=\"344\" \/>Wasch dein Latex per Hand in lauwarmem Wasser mit dem <em data-start=\"392\" data-end=\"428\">BeGloss Latex Spezial Waschmittel.<\/em>Dieser entfernt K\u00f6rper\u00f6le, Hautreste und Parf\u00fcmspuren, ohne das Material anzugreifen.<\/p><\/li><li class=\"\" data-start=\"518\" data-end=\"640\"><p class=\"\" data-start=\"521\" data-end=\"640\"><strong data-start=\"521\" data-end=\"541\">Gr\u00fcndlich Aussp\u00fclen<\/strong><br data-start=\"541\" data-end=\"544\" \/>Nach der Reinigung, mit klarem Wasser absp\u00fclen, bis alle Reinigungsmittel entfernt sind. Das Material nicht auswringen.<\/p><\/li><li class=\"\" data-start=\"642\" data-end=\"755\"><p class=\"\" data-start=\"645\" data-end=\"755\"><strong data-start=\"645\" data-end=\"662\">Sorgf\u00e4ltig Trocknen<\/strong><br data-start=\"662\" data-end=\"665\" \/>H\u00e4nge die Latexartikel auf und vermeide dabei direktes Sonnenlicht und Hitze. Lass es vollst\u00e4ndig trocknen.<\/p><\/li><li class=\"\" data-start=\"757\" data-end=\"918\"><p class=\"\" data-start=\"760\" data-end=\"918\"><strong data-start=\"760\" data-end=\"784\">Die Erhaltung der Oberfl\u00e4che<\/strong><br data-start=\"784\" data-end=\"787\" \/>Sobald es trocken ist, das St\u00fcck mit <em data-start=\"829\" data-end=\"850\">BeGloss Latex Talkum Puder<\/em> abpudern, um zu verhindern, dass die Artikel bei der Lagerung aneinander kleben. Au\u00dferdem sorgt es f\u00fcr eine glatte Oberfl\u00e4che.<\/p><\/li><li class=\"\" data-start=\"920\" data-end=\"1141\"><p class=\"\" data-start=\"923\" data-end=\"1141\"><strong data-start=\"923\" data-end=\"950\">Den Shine hinzuf\u00fcgen<\/strong><br data-start=\"950\" data-end=\"953\" \/>Vor dem Anziehen, <em data-start=\"978\" data-end=\"1015\">BeGloss Premium Latex Polier Spray<\/em> f\u00fcr ein Hochglanz-finish auftragen. F\u00fcr das beste Ergebniss, verwende dabei ein weiches Poliertuch, wie das <em data-start=\"1095\" data-end=\"1109\">BeGloss Latex Poliertuch<\/em> f\u00fcr einen gleichm\u00e4\u00dfigen Glanz.<\/p><\/li><\/ol><p class=\"\" data-start=\"1143\" data-end=\"1298\">Wenn du dein Latex auf diese Weise pflegst, sch\u00fctzt du die Qualit\u00e4t und sorgst daf\u00fcr, dass es den typischen Ardore-Look beh\u00e4lt.<\/p><p><strong>Lagerung:<\/strong><\/p><ul><li>Lager deine Latexst\u00fccke an einem k\u00fchlen, dunklen und trockenen Ort, weg von direktem Sonnenlicht und Hitze. UV-Strahlen und hohe Temperaturen k\u00f6nnen Sch\u00e4den verursachen und den Glanz verringern.<\/li><li>Vermeide es, die St\u00fccke mit Leder, PVC, Metall, oder stark gef\u00e4rbten Stoffe zu lagern, um Verf\u00e4rbungen zu vermeiden.<\/li><li>Halte Latex fern von scharfen oder rauen Oberfl\u00e4chen, einschlie\u00dflich Schmuck, langen N\u00e4geln oder strukturierten Materialien.<\/li><li>Verwende einen geeigneten Kleiderb\u00fcgel oder bewahre sie flach und faltenfrei in einer Tasche auf, damit sie ihre Form behalten.<\/li><\/ul>\t\t\t\t\t\t\t\t<\/div>\n\t\t\t\t<\/div>\n\t\t\t\t<\/div>\n\t\t<div class=\"elementor-element elementor-element-de7e033 e-con-full e-flex e-con e-child\" data-id=\"de7e033\" data-element_type=\"container\" data-e-type=\"container\">\n\t\t\t\t<div class=\"elementor-element elementor-element-f206051 elementor-widget elementor-widget-text-editor\" data-id=\"f206051\" data-element_type=\"widget\" data-e-type=\"widget\" data-widget_type=\"text-editor.default\">\n\t\t\t\t<div class=\"elementor-widget-container\">\n\t\t\t\t\t\t\t\t\t<p><span style=\"font-weight: 400;\">Um die nat\u00fcrliche Sch\u00f6nheit des Leders zu bewahren, braucht es ein wenig Sorgfalt und Aufmerksamkeit. <\/span><\/p><p><strong>Reinigung:<\/strong><\/p><p><span style=\"font-weight: 400;\">Wir empfehlen, die Lederst\u00fccke regelm\u00e4\u00dfig mit einem weichen, leicht feuchten Tuch zu reinigen, um Staub und Schmutz zu entfernen. F\u00fcr eine gr\u00fcndlichere Reinigung und Pflege verwende ein gutes Lederpflegemittel, das das Material geschmeidig h\u00e4lt und es vor dem Austrocknen sch\u00fctzt. Ein spezielles Lederpflegemittel - \u201ePremium 2in1 Lederpflegemittel\u201c findest du unter \u201eProduktpflege\u201c.<\/span><\/p><p><strong>Lagerung:<\/strong><\/p><p><span style=\"font-weight: 400;\">Vermeide bei der Lagerung deiner Lederprodukte direkte Sonneneinstrahlung und extreme Feuchtigkeit, da beides das Leder austrocknen oder seine Farbe ver\u00e4ndern kann. Wenn das Leder nass wird, lass es auf nat\u00fcrliche Weise trocknen - lege es niemals auf eine Heizung oder in direktes Sonnenlicht. Lager deine Lederst\u00fccke an einem k\u00fchlen, trockenen Ort und benutze, wenn m\u00f6glich, einen Lederbalsam oder eine spezielle Creme, um das Material weich und gl\u00e4nzend zu halten.<\/span><\/p>\t\t\t\t\t\t\t\t<\/div>\n\t\t\t\t<\/div>\n\t\t\t\t<\/div>\n\t\t\t\t\t<\/div>\n\t\t\t\t<\/div>\n\t\t\t\t<\/div>","protected":false},"excerpt":{"rendered":"<p>Care instructions To preserve the unique look and feel of your Ardore pieces, proper care is essential. Treat each item with attention and they will remain just as beautiful as the first day. Latex Leather Cleaning: To ensure your Ardore latex pieces remain flawless over time, follow this step-by-step care routine using selected BeGloss products: [&hellip;]<\/p>\n","protected":false},"author":1,"featured_media":0,"parent":0,"menu_order":0,"comment_status":"closed","ping_status":"closed","template":"","meta":{"_uag_custom_page_level_css":"","site-sidebar-layout":"no-sidebar","site-content-layout":"page-builder","ast-site-content-layout":"full-width-container","site-content-style":"default","site-sidebar-style":"default","ast-global-header-display":"","ast-banner-title-visibility":"","ast-main-header-display":"","ast-hfb-above-header-display":"","ast-hfb-below-header-display":"","ast-hfb-mobile-header-display":"","site-post-title":"disabled","ast-breadcrumbs-content":"","ast-featured-img":"disabled","footer-sml-layout":"","ast-disable-related-posts":"","theme-transparent-header-meta":"","adv-header-id-meta":"","stick-header-meta":"","header-above-stick-meta":"","header-main-stick-meta":"","header-below-stick-meta":"","astra-migrate-meta-layouts":"default","ast-page-background-enabled":"default","ast-page-background-meta":{"desktop":{"background-color":"","background-image":"","background-repeat":"repeat","background-position":"center center","background-size":"auto","background-attachment":"scroll","background-type":"","background-media":"","overlay-type":"","overlay-color":"","overlay-opacity":"","overlay-gradient":""},"tablet":{"background-color":"","background-image":"","background-repeat":"repeat","background-position":"center center","background-size":"auto","background-attachment":"scroll","background-type":"","background-media":"","overlay-type":"","overlay-color":"","overlay-opacity":"","overlay-gradient":""},"mobile":{"background-color":"","background-image":"","background-repeat":"repeat","background-position":"center center","background-size":"auto","background-attachment":"scroll","background-type":"","background-media":"","overlay-type":"","overlay-color":"","overlay-opacity":"","overlay-gradient":""}},"ast-content-background-meta":{"desktop":{"background-color":"var(--ast-global-color-4)","background-image":"","background-repeat":"repeat","background-position":"center center","background-size":"auto","background-attachment":"scroll","background-type":"","background-media":"","overlay-type":"","overlay-color":"","overlay-opacity":"","overlay-gradient":""},"tablet":{"background-color":"var(--ast-global-color-4)","background-image":"","background-repeat":"repeat","background-position":"center center","background-size":"auto","background-attachment":"scroll","background-type":"","background-media":"","overlay-type":"","overlay-color":"","overlay-opacity":"","overlay-gradient":""},"mobile":{"background-color":"var(--ast-global-color-4)","background-image":"","background-repeat":"repeat","background-position":"center center","background-size":"auto","background-attachment":"scroll","background-type":"","background-media":"","overlay-type":"","overlay-color":"","overlay-opacity":"","overlay-gradient":""}},"footnotes":""},"class_list":["post-9969","page","type-page","status-publish","hentry"],"uagb_featured_image_src":{"full":false,"thumbnail":false,"medium":false,"medium_large":false,"large":false,"1536x1536":false,"2048x2048":false,"trp-custom-language-flag":false,"wishsuite-image":false,"woocommerce_thumbnail":false,"woocommerce_single":false,"woocommerce_gallery_thumbnail":false},"uagb_author_info":{"display_name":"Soso","author_link":"https:\/\/theardore.com\/de\/author\/boundblissofficialgmail-com\/"},"uagb_comment_info":0,"uagb_excerpt":"Care instructions To preserve the unique look and feel of your Ardore pieces, proper care is essential. Treat each item with attention and they will remain just as beautiful as the first day. Latex Leather Cleaning: To ensure your Ardore latex pieces remain flawless over time, follow this step-by-step care routine using selected BeGloss products:&hellip;","_links":{"self":[{"href":"https:\/\/theardore.com\/de\/wp-json\/wp\/v2\/pages\/9969","targetHints":{"allow":["GET"]}}],"collection":[{"href":"https:\/\/theardore.com\/de\/wp-json\/wp\/v2\/pages"}],"about":[{"href":"https:\/\/theardore.com\/de\/wp-json\/wp\/v2\/types\/page"}],"author":[{"embeddable":true,"href":"https:\/\/theardore.com\/de\/wp-json\/wp\/v2\/users\/1"}],"replies":[{"embeddable":true,"href":"https:\/\/theardore.com\/de\/wp-json\/wp\/v2\/comments?post=9969"}],"version-history":[{"count":58,"href":"https:\/\/theardore.com\/de\/wp-json\/wp\/v2\/pages\/9969\/revisions"}],"predecessor-version":[{"id":11504,"href":"https:\/\/theardore.com\/de\/wp-json\/wp\/v2\/pages\/9969\/revisions\/11504"}],"wp:attachment":[{"href":"https:\/\/theardore.com\/de\/wp-json\/wp\/v2\/media?parent=9969"}],"curies":[{"name":"wp","href":"https:\/\/api.w.org\/{rel}","templated":true}]}}