{"id":9645,"date":"2025-04-04T13:05:40","date_gmt":"2025-04-04T13:05:40","guid":{"rendered":"https:\/\/theardore.com\/?page_id=9645"},"modified":"2025-06-11T13:10:39","modified_gmt":"2025-06-11T13:10:39","slug":"privacy-notice","status":"publish","type":"page","link":"https:\/\/theardore.com\/de\/privacy-notice\/","title":{"rendered":"Datenschutzerkl\u00e4rung"},"content":{"rendered":"<div data-elementor-type=\"wp-page\" data-elementor-id=\"9645\" class=\"elementor elementor-9645\">\n\t\t\t\t<div class=\"elementor-element elementor-element-bcf0345 e-flex e-con-boxed e-con e-parent\" data-id=\"bcf0345\" data-element_type=\"container\" data-e-type=\"container\">\n\t\t\t\t\t<div class=\"e-con-inner\">\n\t\t\t\t<div class=\"elementor-element elementor-element-5c2f4df elementor-widget elementor-widget-heading\" data-id=\"5c2f4df\" data-element_type=\"widget\" data-e-type=\"widget\" data-widget_type=\"heading.default\">\n\t\t\t\t<div class=\"elementor-widget-container\">\n\t\t\t\t\t<h2 class=\"elementor-heading-title elementor-size-default\">Datenschutzerkl\u00e4rung<\/h2>\t\t\t\t<\/div>\n\t\t\t\t<\/div>\n\t\t\t\t\t<\/div>\n\t\t\t\t<\/div>\n\t\t<div class=\"elementor-element elementor-element-e3d77ba e-flex e-con-boxed e-con e-parent\" data-id=\"e3d77ba\" data-element_type=\"container\" data-e-type=\"container\">\n\t\t\t\t\t<div class=\"e-con-inner\">\n\t\t\t\t<div class=\"elementor-element elementor-element-0b80cd3 elementor-widget elementor-widget-text-editor\" data-id=\"0b80cd3\" data-element_type=\"widget\" data-e-type=\"widget\" data-widget_type=\"text-editor.default\">\n\t\t\t\t<div class=\"elementor-widget-container\">\n\t\t\t\t\t\t\t\t\t<p><span style=\"font-weight: 400;\">(gem. Art 13 und Art 14 DSGVO)<\/span><\/p><p><span style=\"font-weight: 400;\">Der Schutz und die gesetzeskonforme Verarbeitung Ihrer personenbezogenen Daten ist uns, The Ardore DS e.U., ein wichtiges Anliegen (in Folge kurz TheArdore). Wir m\u00f6chten Ihnen daher die Verarbeitung transparent machen und Sie in der vorliegenden Datenschutzmitteilung dar\u00fcber informieren, wie Ihre personenbezogenen Daten verarbeitet werden. Dies gilt auch f\u00fcr zuk\u00fcnftig erhobene personenbezogene Daten.<\/span><\/p><p><span style=\"font-weight: 400;\">Sie m\u00fcssen uns jene personenbezogenen Daten bereitstellen, die f\u00fcr die ordnungsgem\u00e4\u00dfe Durchf\u00fchrung der Auftragsbeziehung erforderlich sind und zu deren Erhebung wir gesetzlich verpflichtet sind. Sofern Sie uns diese Daten nicht bereitstellen wollen, m\u00fcssen wir den Abschluss des Vertrages oder die Ausf\u00fchrungen des Auftrages voraussichtlich ablehnen. Einen bestehenden Vertrag oder Auftrag k\u00f6nnen wir in diesem Fall zudem nicht mehr durchf\u00fchren. Daten, die f\u00fcr die ordnungsgem\u00e4\u00dfe Durchf\u00fchrung der Gesch\u00e4ftsanfragen hingegen nicht notwendig oder gesetzlich erforderlich sind, m\u00fcssen nicht bereitgestellt werden. Die Bekanntgabe dieser Daten erfolgt dann freiwillig.<\/span><\/p><p><span style=\"font-weight: 400;\">Personenbezogene Daten sind dabei alle Informationen, die sich auf eine identifizierte oder identifizierbare Person beziehen und somit Informationen, die Ihnen individuell zugeordnet werden k\u00f6nnen. Beispiele hierf\u00fcr sind u.a. Ihr Name, Adresse, Telefonnummer oder Ihre E-Mail-Adresse.<\/span><\/p><p><b>Verantwortliche Stelle<\/b><b><br \/><\/b><span style=\"font-weight: 400;\">The Ardore DS e.U., David Schmauser, Hauptstra\u00dfe 120, 2122 M\u00fcnichsthal, \u00d6sterreich info@theardore.com  T (+43 681 84283477)<\/span><\/p><p><b>Zwecke und Rechtsgrundlagen der Datenverarbeitung<\/b><\/p><p><span style=\"font-weight: 400;\">Sofern die Rechtsgrundlage in der Datenschutzerkl\u00e4rung nicht genannt wird, gilt f\u00fcr die Verarbeitung Ihrer personenbezogenen Daten Folgendes:<\/span> <span style=\"font-weight: 400;\">Die Rechtsgrundlage f\u00fcr die Einholung von Einwilligungen ist Art 6 Abs. 1 lit a, DSGVO, die Rechtsgrundlage f\u00fcr die Verarbeitung zur Erf\u00fcllung unserer Leistungen \" und Durchf\u00fchrung vertraglicher Ma\u00dfnahmen ist Art 6 Abs. 1 lit. b DSGVO, die Rechtsgrundlage f\u00fcr die-Verarbeitung zur Erf\u00fcllung unserer rechtlichen Verpflichtungen ist Art 6 Abs. 1 lit. c DSGVO,1 die \u2192 Rechtsgrundlage \u2192 f\u00fcr \u2192 die \u2192 Verarbeitung \u2192 zur - Wahrung \u2192 unserer berechtigten \u2192 Interessen - ista Art 6 Abs. 1 lit. f DSGVO, und die Rechtsgrundlage f\u00fcr die Verarbeitung zur Geltendmachung, Aus-\u00fcbung oder Verteidigung von Rechtsanspr\u00fcchen ist Art 9 Abs 1 lit. f DSGVO.<\/span><\/p><p><span style=\"font-weight: 400;\">Wir verarbeiten personenbezogene Daten insbesondere<\/span><\/p><ul><li style=\"font-weight: 400;\" aria-level=\"1\"><span style=\"font-weight: 400;\">zur Erf\u00fcllung von vertraglichen Pflichten oder zur Durchf\u00fchrung vorvertraglicher Ma\u00dfnahmen (gem. Art 6 Abs. 1 lit b DSGVO):<\/span><\/li><\/ul><p><span style=\"font-weight: 400;\">Zweck der Verarbeitung ist die Abwicklung von Kaufvertr\u00e4gen \u00fcber Produkte aus dem Sortiment von TheArdore<\/span><\/p><ul><li style=\"font-weight: 400;\" aria-level=\"1\"><span style=\"font-weight: 400;\">zur Erf\u00fcllung rechtlicher Verpflichtungen (gem. Art 6 Abs. 1 lit. c DSGVO):<\/span><\/li><\/ul><p><span style=\"font-weight: 400;\">Zweck der Verarbeitung ist die Erf\u00fcllung verschiedener gesetzlicher Vorschriften (z.B.-Verpflichtungen aus der Bundesabgabenordnung, dem Unternehmensgesetzbuch, usw.), denen wir unterliegen.<\/span><\/p><p><b>Datenkategorien und Quellen der Daten<\/b><\/p><p><span style=\"font-weight: 400;\">F\u00fcr den Fall, dass wir Ihre Daten aufgrund einer Auftragserteilung durch Dritte verarbeiten oder uns Ihre Daten von Personen bekannt gegeben werden, da sie am Verfahren bzw. an unserer Leistung (z.B. Vertragserrichtung) beteiligt sind, d\u00fcrfen wir Sie an dieser Stelle zus\u00e4tzlich \u00fcber die Datenkategorien und die Herkunft (Quelle der Daten) informieren. Insbesondere die nachfolgenden Daten werden verarbeitet, sofern sie f\u00fcr den jeweiligen Einzelfall erforderlich sind:<\/span><\/p><p><span style=\"font-weight: 400;\">Stammdaten, Kontaktdaten<\/span><\/p><p><span style=\"font-weight: 400;\">Geburtsdatum<\/span><\/p><p><span style=\"font-weight: 400;\">Firmenbuch<\/span><\/p><p><span style=\"font-weight: 400;\">UID-, FB-, ZVR-Nummer bzw. Sozialversicherungsdaten<\/span><\/p><p><span style=\"font-weight: 400;\">Kontaktpersonen und deren Kontaktdaten<\/span><\/p><p><span style=\"font-weight: 400;\">Abrechnungs-, Zahlungs- und Buchungsdaten, Bank- und \u00dcberweisungsdaten<\/span><\/p><p><span style=\"font-weight: 400;\">Daten zu Bonit\u00e4t, Solvenz, Mahndaten<\/span><\/p><p><span style=\"font-weight: 400;\">Ausweiskopien<\/span><\/p><p><span style=\"font-weight: 400;\">Daten, die zur Durchsetzung des Anspruches notwendig sind.<\/span><\/p><p><span style=\"font-weight: 400;\">Daten, die zur Abwicklung notwendig sind.<\/span><\/p><p><b>Empf\u00e4ngerkategorien<\/b><\/p><p><span style=\"font-weight: 400;\">Innerhalb von The Ardore verarbeiten diejenigen Mitarbeiter Ihre Daten, die diese zur Erf\u00fcllung der vertraglichen und gesetzlichen Pflichten sowie der berechtigten Interessen ben\u00f6tigen. Es ist m\u00f6glicherweise auch notwendig oder zweckm\u00e4\u00dfig, Ihre im jeweiligen Einzelfall relevanten Daten an Dritte (z.B. Versicherungen, Dienstleister, derer wir uns bedienen und denen wir Daten zur Verf\u00fcgung stellen, usw.), weiterzuleiten. Eine Weiterleitung Ihrer Daten erfolgt ausschlie\u00dflich zur Erf\u00fcllung des Auftrages, aufgrund gesetzlicher Pflichten sowie der berechtigten Interessen oder aufgrund Ihrer vorherigen Einwilligung.<\/span><\/p><p><span style=\"font-weight: 400;\">Ihre Daten werden selbstverst\u00e4ndlich nur in dem Ma\u00dfe weitergegeben, wie es nach dem jeweiligen Zweck der Verarbeitung erforderlich ist. Sofern wir Dritte mit der Verarbeitung von Daten auf Grundlage eines sog. \u201eAuftragsverarbeitungsvertrages\" beauftragen, geschieht dies auf Grundlage des Art 28 DSGVO.<\/span><\/p><p><b>Aufbewahrung der Daten<\/b><\/p><p><span style=\"font-weight: 400;\">Ihre personenbezogenen Daten werden, soweit erforderlich, solange verarbeitet und aufbewahrt, als dies zur Erf\u00fcllung unserer vertraglichen und gesetzlichen Verpflichtungen sowie zur Abwehr allf\u00e4lliger Anspr\u00fcche (aus dem Titel der Gew\u00e4hrleistung oder des Schadenersatzes) gegen\u00fcber aktenbeteiligten Personen oder uns erforderlich ist.<\/span><\/p><p><b>Automatisierte Entscheidungsfindung<\/b><\/p><p><span style=\"font-weight: 400;\">Es erfolgt keine automatisierte Entscheidungsfindung.<\/span><\/p><p><b>\u00c4nderungen dieser Datenschutzerkl\u00e4rung<\/b><\/p><p><span style=\"font-weight: 400;\">Aus gesetzlichen und \/ oder organisatorischen Gr\u00fcnden k\u00f6nnen von Zeit zu Zeit \u00c4nderungen bzw. Anpassungen dieser Datenschutzerkl\u00e4rung erforderlich sein.<\/span><\/p><p><b>Ihre Rechte im Zusammenhang mit personenbezogenen Daten<\/b><\/p><p><span style=\"font-weight: 400;\">Sie haben das Recht \u2014 unter Wahrung der rechtsanwaltlichen Verschwiegenheitspflicht \u2014 eine Auskunft \u00fcber (siehe im Detail Art 15 DSGVO) Ihre personenbezogenen Daten einzuholen sowie die Berichtigung (siehe im Detail Art 16 DSGVO), die L\u00f6schung (siehe im Detail Art 17 DSGVO), die Einschr\u00e4nkung der Verarbeitung (siehe im Detail Art 18 DSGVO) sowie die Daten\u00fcbertragung (siehe im Detail Art 20 DSGVO) Ihrer angegebenen personenbezogenen Daten zu verlangen.<\/span><\/p><p><span style=\"font-weight: 400;\">Sie k\u00f6nnen weiters unter bestimmten Umst\u00e4nden der Verarbeitung Ihrer personenbezogenen Daten widersprechen (nur bei berechtigtem Interesse; siehe im Detail Art 21 DSGVO).<\/span><\/p><p><span style=\"font-weight: 400;\">Wenn die Verarbeitung auf einer Einwilligung beruht, haben Sie zudem das Recht die Einwilligung jederzeit zu widerrufen (siehe im Detail Art 7 Abs 3 DSGVO); der Widerruf ber\u00fchrt die Rechtm\u00e4\u00dfigkeit der aufgrund der Einwilligung bis zum Widerruf erfolgten Verarbeitung nicht.<\/span><\/p><p><span style=\"font-weight: 400;\">Sie k\u00f6nnen s\u00e4mtliche Antr\u00e4ge an die oben genannten Kontaktdaten (z.B. per E-Mail, Fax, Brief) unter Angabe Ihres Antrages richten.<\/span><\/p><p><span style=\"font-weight: 400;\">Zum Schutz Ihrer Privatsph\u00e4re und Ihrer Sicherheit behalten wir uns das Recht vor, Ihre Identit\u00e4t zu pr\u00fcfen, bevor wir eine der obenstehenden Ma\u00dfnahmen vornehmen.<\/span><\/p><p><span style=\"font-weight: 400;\">Der Schutz und die gesetzeskonforme Verarbeitung Ihrer personenbezogenen Daten ist f\u00fcr uns ein wichtiges Anliegen. Sofern Sie zu der Verarbeitung Ihrer personenbezogenen Daten Fragen oder Anliegen haben, wenden Sie sich bitte an uns unter den oben genannten Kontaktdaten (z.B. per E-Mail, Fax, Brief).<\/span><\/p><p><span style=\"font-weight: 400;\">Sollten Sie dennoch der Ansicht sein, dass die Verarbeitung Ihrer personenbezogenen rechtswidrig erfolgt, k\u00f6nnen Sie sich zus\u00e4tzlich an die zust\u00e4ndige Aufsichtsbeh\u00f6rde wenden. In \u00d6sterreich ist die<\/span> <b>Datenschutzbeh\u00f6rde, Barichgasse 40-42,1030 Wien, zust\u00e4ndig.<\/b><\/p>\t\t\t\t\t\t\t\t<\/div>\n\t\t\t\t<\/div>\n\t\t\t\t\t<\/div>\n\t\t\t\t<\/div>\n\t\t<div class=\"elementor-element elementor-element-d40f8fc e-flex e-con-boxed e-con e-parent\" data-id=\"d40f8fc\" data-element_type=\"container\" data-e-type=\"container\">\n\t\t\t\t\t<div class=\"e-con-inner\">\n\t\t\t\t<div class=\"elementor-element elementor-element-597e9ed elementor-widget-divider--view-line elementor-widget elementor-widget-divider\" data-id=\"597e9ed\" data-element_type=\"widget\" data-e-type=\"widget\" data-widget_type=\"divider.default\">\n\t\t\t\t<div class=\"elementor-widget-container\">\n\t\t\t\t\t\t\t<div class=\"elementor-divider\">\n\t\t\t<span class=\"elementor-divider-separator\">\n\t\t\t\t\t\t<\/span>\n\t\t<\/div>\n\t\t\t\t\t\t<\/div>\n\t\t\t\t<\/div>\n\t\t\t\t\t<\/div>\n\t\t\t\t<\/div>\n\t\t\t\t<\/div>","protected":false},"excerpt":{"rendered":"<p>Privacy notice (pursuant to Articles 13 and 14 of the GDPR) The protection and lawful processing of your personal data is a key concern for us, The Ardore DS e.U. (in succession short TheArdore). We aim to make data processing transparent and inform you in this privacy notice about how your personal data is processed. [&hellip;]<\/p>\n","protected":false},"author":1,"featured_media":0,"parent":0,"menu_order":0,"comment_status":"closed","ping_status":"closed","template":"","meta":{"_uag_custom_page_level_css":"","site-sidebar-layout":"no-sidebar","site-content-layout":"page-builder","ast-site-content-layout":"full-width-container","site-content-style":"default","site-sidebar-style":"default","ast-global-header-display":"","ast-banner-title-visibility":"","ast-main-header-display":"","ast-hfb-above-header-display":"","ast-hfb-below-header-display":"","ast-hfb-mobile-header-display":"","site-post-title":"disabled","ast-breadcrumbs-content":"","ast-featured-img":"disabled","footer-sml-layout":"","ast-disable-related-posts":"","theme-transparent-header-meta":"","adv-header-id-meta":"","stick-header-meta":"","header-above-stick-meta":"","header-main-stick-meta":"","header-below-stick-meta":"","astra-migrate-meta-layouts":"set","ast-page-background-enabled":"default","ast-page-background-meta":{"desktop":{"background-color":"","background-image":"","background-repeat":"repeat","background-position":"center center","background-size":"auto","background-attachment":"scroll","background-type":"","background-media":"","overlay-type":"","overlay-color":"","overlay-opacity":"","overlay-gradient":""},"tablet":{"background-color":"","background-image":"","background-repeat":"repeat","background-position":"center center","background-size":"auto","background-attachment":"scroll","background-type":"","background-media":"","overlay-type":"","overlay-color":"","overlay-opacity":"","overlay-gradient":""},"mobile":{"background-color":"","background-image":"","background-repeat":"repeat","background-position":"center center","background-size":"auto","background-attachment":"scroll","background-type":"","background-media":"","overlay-type":"","overlay-color":"","overlay-opacity":"","overlay-gradient":""}},"ast-content-background-meta":{"desktop":{"background-color":"var(--ast-global-color-5)","background-image":"","background-repeat":"repeat","background-position":"center center","background-size":"auto","background-attachment":"scroll","background-type":"","background-media":"","overlay-type":"","overlay-color":"","overlay-opacity":"","overlay-gradient":""},"tablet":{"background-color":"var(--ast-global-color-5)","background-image":"","background-repeat":"repeat","background-position":"center center","background-size":"auto","background-attachment":"scroll","background-type":"","background-media":"","overlay-type":"","overlay-color":"","overlay-opacity":"","overlay-gradient":""},"mobile":{"background-color":"var(--ast-global-color-5)","background-image":"","background-repeat":"repeat","background-position":"center center","background-size":"auto","background-attachment":"scroll","background-type":"","background-media":"","overlay-type":"","overlay-color":"","overlay-opacity":"","overlay-gradient":""}},"footnotes":""},"class_list":["post-9645","page","type-page","status-publish","hentry"],"uagb_featured_image_src":{"full":false,"thumbnail":false,"medium":false,"medium_large":false,"large":false,"1536x1536":false,"2048x2048":false,"trp-custom-language-flag":false,"wishsuite-image":false,"woocommerce_thumbnail":false,"woocommerce_single":false,"woocommerce_gallery_thumbnail":false},"uagb_author_info":{"display_name":"Soso","author_link":"https:\/\/theardore.com\/de\/author\/boundblissofficialgmail-com\/"},"uagb_comment_info":0,"uagb_excerpt":"Privacy notice (pursuant to Articles 13 and 14 of the GDPR) The protection and lawful processing of your personal data is a key concern for us, The Ardore DS e.U. (in succession short TheArdore). We aim to make data processing transparent and inform you in this privacy notice about how your personal data is processed.&hellip;","_links":{"self":[{"href":"https:\/\/theardore.com\/de\/wp-json\/wp\/v2\/pages\/9645","targetHints":{"allow":["GET"]}}],"collection":[{"href":"https:\/\/theardore.com\/de\/wp-json\/wp\/v2\/pages"}],"about":[{"href":"https:\/\/theardore.com\/de\/wp-json\/wp\/v2\/types\/page"}],"author":[{"embeddable":true,"href":"https:\/\/theardore.com\/de\/wp-json\/wp\/v2\/users\/1"}],"replies":[{"embeddable":true,"href":"https:\/\/theardore.com\/de\/wp-json\/wp\/v2\/comments?post=9645"}],"version-history":[{"count":26,"href":"https:\/\/theardore.com\/de\/wp-json\/wp\/v2\/pages\/9645\/revisions"}],"predecessor-version":[{"id":11516,"href":"https:\/\/theardore.com\/de\/wp-json\/wp\/v2\/pages\/9645\/revisions\/11516"}],"wp:attachment":[{"href":"https:\/\/theardore.com\/de\/wp-json\/wp\/v2\/media?parent=9645"}],"curies":[{"name":"wp","href":"https:\/\/api.w.org\/{rel}","templated":true}]}}