{"id":5302,"date":"2024-07-19T19:02:13","date_gmt":"2024-07-19T19:02:13","guid":{"rendered":"https:\/\/theardore.com\/?page_id=5302"},"modified":"2026-05-06T13:01:24","modified_gmt":"2026-05-06T13:01:24","slug":"about-ardore","status":"publish","type":"page","link":"https:\/\/theardore.com\/de\/about-ardore\/","title":{"rendered":"\u00dcber Ardore"},"content":{"rendered":"<div data-elementor-type=\"wp-page\" data-elementor-id=\"5302\" class=\"elementor elementor-5302\">\n\t\t\t\t<div class=\"elementor-element elementor-element-d028fc9 e-con-full elementor-hidden-mobile e-flex e-con e-parent\" data-id=\"d028fc9\" data-element_type=\"container\" data-e-type=\"container\" data-settings=\"{&quot;background_background&quot;:&quot;classic&quot;}\">\n\t\t\t\t<div class=\"elementor-element elementor-element-31cb3d5 elementor-widget elementor-widget-heading\" data-id=\"31cb3d5\" data-element_type=\"widget\" data-e-type=\"widget\" data-widget_type=\"heading.default\">\n\t\t\t\t<div class=\"elementor-widget-container\">\n\t\t\t\t\t<h2 class=\"elementor-heading-title elementor-size-default\">\u00dcber THE ARDORE<\/h2>\t\t\t\t<\/div>\n\t\t\t\t<\/div>\n\t\t\t\t<\/div>\n\t\t<div class=\"elementor-element elementor-element-1ecf3ff elementor-hidden-desktop elementor-hidden-tablet e-flex e-con-boxed e-con e-parent\" data-id=\"1ecf3ff\" data-element_type=\"container\" data-e-type=\"container\" data-settings=\"{&quot;background_background&quot;:&quot;classic&quot;}\">\n\t\t\t\t\t<div class=\"e-con-inner\">\n\t\t\t\t<div class=\"elementor-element elementor-element-e208e9c elementor-widget-mobile__width-inherit elementor-widget elementor-widget-image\" data-id=\"e208e9c\" data-element_type=\"widget\" data-e-type=\"widget\" data-widget_type=\"image.default\">\n\t\t\t\t<div class=\"elementor-widget-container\">\n\t\t\t\t\t\t\t\t\t\t\t\t\t\t\t<img fetchpriority=\"high\" decoding=\"async\" width=\"2048\" height=\"1365\" src=\"https:\/\/theardore.com\/wp-content\/uploads\/2026\/05\/DSC01036-4866.jpg\" class=\"attachment-full size-full wp-image-18994\" alt=\"\" srcset=\"https:\/\/theardore.com\/wp-content\/uploads\/2026\/05\/DSC01036-4866.jpg 2048w, https:\/\/theardore.com\/wp-content\/uploads\/2026\/05\/DSC01036-4866-300x200.jpg 300w, https:\/\/theardore.com\/wp-content\/uploads\/2026\/05\/DSC01036-4866-1024x683.jpg 1024w, https:\/\/theardore.com\/wp-content\/uploads\/2026\/05\/DSC01036-4866-768x512.jpg 768w, https:\/\/theardore.com\/wp-content\/uploads\/2026\/05\/DSC01036-4866-1536x1024.jpg 1536w, https:\/\/theardore.com\/wp-content\/uploads\/2026\/05\/DSC01036-4866-18x12.jpg 18w, https:\/\/theardore.com\/wp-content\/uploads\/2026\/05\/DSC01036-4866-80x53.jpg 80w\" sizes=\"(max-width: 2048px) 100vw, 2048px\" \/>\t\t\t\t\t\t\t\t\t\t\t\t\t\t\t<\/div>\n\t\t\t\t<\/div>\n\t\t\t\t\t<\/div>\n\t\t\t\t<\/div>\n\t\t<div class=\"elementor-element elementor-element-6a1d00d e-flex e-con-boxed e-con e-parent\" data-id=\"6a1d00d\" data-element_type=\"container\" data-e-type=\"container\">\n\t\t\t\t\t<div class=\"e-con-inner\">\n\t\t\t\t<div class=\"elementor-element elementor-element-56defb5 elementor-widget elementor-widget-text-editor\" data-id=\"56defb5\" data-element_type=\"widget\" data-e-type=\"widget\" data-widget_type=\"text-editor.default\">\n\t\t\t\t<div class=\"elementor-widget-container\">\n\t\t\t\t\t\t\t\t\t<p><em>Wahre Eleganz liegt nicht in der Perfektion, sondern in der Haltung: im Mut, sich zu zeigen, das Erwartete in Frage zu stellen und St\u00e4rke durch Design zu verk\u00f6rpern.<\/em><\/p>\t\t\t\t\t\t\t\t<\/div>\n\t\t\t\t<\/div>\n\t\t\t\t\t<\/div>\n\t\t\t\t<\/div>\n\t\t<div class=\"elementor-element elementor-element-f70363b e-flex e-con-boxed e-con e-parent\" data-id=\"f70363b\" data-element_type=\"container\" data-e-type=\"container\">\n\t\t\t\t\t<div class=\"e-con-inner\">\n\t\t\t\t<div class=\"elementor-element elementor-element-e1ade16 elementor-widget elementor-widget-heading\" data-id=\"e1ade16\" data-element_type=\"widget\" data-e-type=\"widget\" data-widget_type=\"heading.default\">\n\t\t\t\t<div class=\"elementor-widget-container\">\n\t\t\t\t\t<h2 class=\"elementor-heading-title elementor-size-default\">THE ARDORE<\/h2>\t\t\t\t<\/div>\n\t\t\t\t<\/div>\n\t\t\t\t<div class=\"elementor-element elementor-element-f376640 elementor-widget elementor-widget-text-editor\" data-id=\"f376640\" data-element_type=\"widget\" data-e-type=\"widget\" data-widget_type=\"text-editor.default\">\n\t\t\t\t<div class=\"elementor-widget-container\">\n\t\t\t\t\t\t\t\t\t<p data-start=\"933\" data-end=\"1220\">The Ardore wurde aus der \u00dcberzeugung heraus gegr\u00fcndet, dass Mode mehr ist als nur Kleidung. Sie ist eine Form des Selbstausdrucks, ein Spiegelbild der Individualit\u00e4t und der Mut, sich von der Masse abzuheben. Wir sind f\u00fcr diejenigen da, die Authentizit\u00e4t der Konformit\u00e4t vorziehen und Mode als Mittel betrachten, um sich selbst zu definieren, statt Trends zu folgen. In einer von Wiederholungen und raschem Wandel gepr\u00e4gten Landschaft steht The Ardore f\u00fcr Einzigartigkeit. Wir kreieren f\u00fcr Menschen, die sich nicht an Trends anpassen, sondern ihre eigene Pr\u00e4senz definieren \u2013 selbstbewusst  und ohne Kompromisse.<\/p>\t\t\t\t\t\t\t\t<\/div>\n\t\t\t\t<\/div>\n\t\t\t\t\t<\/div>\n\t\t\t\t<\/div>\n\t\t<div class=\"elementor-element elementor-element-742c739 e-flex e-con-boxed e-con e-parent\" data-id=\"742c739\" data-element_type=\"container\" data-e-type=\"container\" data-settings=\"{&quot;background_background&quot;:&quot;classic&quot;}\">\n\t\t\t\t\t<div class=\"e-con-inner\">\n\t\t<div class=\"elementor-element elementor-element-92701fd e-con-full e-flex e-con e-child\" data-id=\"92701fd\" data-element_type=\"container\" data-e-type=\"container\">\n\t\t\t\t<div class=\"elementor-element elementor-element-22551d9 elementor-widget elementor-widget-image\" data-id=\"22551d9\" data-element_type=\"widget\" data-e-type=\"widget\" data-widget_type=\"image.default\">\n\t\t\t\t<div class=\"elementor-widget-container\">\n\t\t\t\t\t\t\t\t\t\t\t\t\t\t\t<img decoding=\"async\" width=\"2065\" height=\"1707\" src=\"https:\/\/theardore.com\/wp-content\/uploads\/2026\/05\/AE7FAE4E-0B35-4A04-947A-84ECBBE6F811_1_201_a-scaled-e1778007935955.jpeg\" class=\"attachment-full size-full wp-image-19016\" alt=\"\" \/>\t\t\t\t\t\t\t\t\t\t\t\t\t\t\t<\/div>\n\t\t\t\t<\/div>\n\t\t\t\t<\/div>\n\t\t<div class=\"elementor-element elementor-element-e713066 e-con-full e-flex e-con e-child\" data-id=\"e713066\" data-element_type=\"container\" data-e-type=\"container\">\n\t\t<div class=\"elementor-element elementor-element-848efd2 e-con-full e-flex e-con e-child\" data-id=\"848efd2\" data-element_type=\"container\" data-e-type=\"container\">\n\t\t\t\t<div class=\"elementor-element elementor-element-cb63ef7 elementor-widget elementor-widget-heading\" data-id=\"cb63ef7\" data-element_type=\"widget\" data-e-type=\"widget\" data-widget_type=\"heading.default\">\n\t\t\t\t<div class=\"elementor-widget-container\">\n\t\t\t\t\t<h2 class=\"elementor-heading-title elementor-size-default\">Handwerk<\/h2>\t\t\t\t<\/div>\n\t\t\t\t<\/div>\n\t\t\t\t<\/div>\n\t\t<div class=\"elementor-element elementor-element-cc6cabb e-con-full e-flex e-con e-child\" data-id=\"cc6cabb\" data-element_type=\"container\" data-e-type=\"container\">\n\t\t\t\t<div class=\"elementor-element elementor-element-b2677a2 elementor-widget elementor-widget-text-editor\" data-id=\"b2677a2\" data-element_type=\"widget\" data-e-type=\"widget\" data-widget_type=\"text-editor.default\">\n\t\t\t\t<div class=\"elementor-widget-container\">\n\t\t\t\t\t\t\t\t\t<p class=\"isSelectedEnd\">Jedes Ardore-St\u00fcck wird in \u00d6sterreich von Hand gefertigt, wo Pr\u00e4zision, Material und Form bewusst miteinander verschmelzen.<\/p><p class=\"isSelectedEnd\">Unsere Latex- und Lederbekleidung wird aus Materialien h\u00f6chster Qualit\u00e4t gefertigt, die aufgrund ihrer Langlebigkeit, ihrer Textur und ihres unverwechselbaren Charakters ausgew\u00e4hlt wurden. Jeder Schnitt, jede Naht und jede Verarbeitung wird mit viel Sorgfalt ausgef\u00fchrt.<\/p><p>Wir produzieren nicht in Massen. Jedes St\u00fcck ist das Ergebnis eines handwerklichen Prozesses, bei dem Zeit und Sorgfalt das Endergebnis bestimmen.<\/p>\t\t\t\t\t\t\t\t<\/div>\n\t\t\t\t<\/div>\n\t\t\t\t<div class=\"elementor-element elementor-element-f9c559e elementor-widget elementor-widget-heading\" data-id=\"f9c559e\" data-element_type=\"widget\" data-e-type=\"widget\" data-widget_type=\"heading.default\">\n\t\t\t\t<div class=\"elementor-widget-container\">\n\t\t\t\t\t<h2 class=\"elementor-heading-title elementor-size-default\">Nachhaltigkeit<\/h2>\t\t\t\t<\/div>\n\t\t\t\t<\/div>\n\t\t\t\t<div class=\"elementor-element elementor-element-d5206d5 elementor-widget elementor-widget-text-editor\" data-id=\"d5206d5\" data-element_type=\"widget\" data-e-type=\"widget\" data-widget_type=\"text-editor.default\">\n\t\t\t\t<div class=\"elementor-widget-container\">\n\t\t\t\t\t\t\t\t\t<div>\u00a0<\/div><div><p data-start=\"1944\" data-end=\"2339\">Wir bei Ardore wissen, dass wahre Exklusivit\u00e4t nicht nur durch au\u00dfergew\u00f6hnliche Qualit\u00e4t, sondern auch durch bewusstes Handeln definiert wird. Deshalb stehen Nachhaltigkeit und Verantwortung im Mittelpunkt unseres Handelns.<\/p><p data-start=\"1944\" data-end=\"2339\"><br data-start=\"2003\" data-end=\"2006\" \/>Besonderen Wert legen wir auf die Verwendung von upgecyceltem Premium-Leder. Wir beziehen hochwertige Lederreste aus Italien, die andernfalls ungenutzt bleiben w\u00fcrden, und verwandeln sie in einzigartige Kleidungsst\u00fccke. Dieser Ansatz reduziert Abfall, schont Ressourcen und sorgt daf\u00fcr, dass jedes von uns gefertigte St\u00fcck sowohl einen Sinn als auch eine lange Lebensdauer hat.<\/p><\/div>\t\t\t\t\t\t\t\t<\/div>\n\t\t\t\t<\/div>\n\t\t\t\t<\/div>\n\t\t\t\t<\/div>\n\t\t\t\t\t<\/div>\n\t\t\t\t<\/div>\n\t\t<div class=\"elementor-element elementor-element-5e4b3ea e-flex e-con-boxed e-con e-parent\" data-id=\"5e4b3ea\" data-element_type=\"container\" data-e-type=\"container\">\n\t\t\t\t\t<div class=\"e-con-inner\">\n\t\t\t\t<div class=\"elementor-element elementor-element-0bd7b64 elementor-widget elementor-widget-heading\" data-id=\"0bd7b64\" data-element_type=\"widget\" data-e-type=\"widget\" data-widget_type=\"heading.default\">\n\t\t\t\t<div class=\"elementor-widget-container\">\n\t\t\t\t\t<h2 class=\"elementor-heading-title elementor-size-default\">UNSERE MISSION<\/h2>\t\t\t\t<\/div>\n\t\t\t\t<\/div>\n\t\t\t\t<div class=\"elementor-element elementor-element-c76e784 elementor-widget elementor-widget-text-editor\" data-id=\"c76e784\" data-element_type=\"widget\" data-e-type=\"widget\" data-widget_type=\"text-editor.default\">\n\t\t\t\t<div class=\"elementor-widget-container\">\n\t\t\t\t\t\t\t\t\t<p class=\"isSelectedEnd\">Ardore l\u00e4sst sich nicht durch Trends, Jahreszeiten oder Kategorien definieren.<br \/>Es wird durch Pr\u00e4senz definiert.<\/p><p class=\"isSelectedEnd\">Jedes St\u00fcck soll den Tr\u00e4ger unterstreichen \u2013 seine Identit\u00e4t sch\u00e4rfen, seinen Ausdruck verst\u00e4rken und das Gew\u00f6hnliche hinterfragen.<\/p><p>Es geht hier nicht darum, sich anzupassen.<br \/>Es geht darum gesehen zu werden.<\/p>\t\t\t\t\t\t\t\t<\/div>\n\t\t\t\t<\/div>\n\t\t\t\t\t<\/div>\n\t\t\t\t<\/div>\n\t\t<div class=\"elementor-element elementor-element-e764a91 e-con-full e-flex e-con e-parent\" data-id=\"e764a91\" data-element_type=\"container\" data-e-type=\"container\" data-settings=\"{&quot;background_background&quot;:&quot;classic&quot;}\">\n\t\t\t\t<div class=\"elementor-element elementor-element-dcf94c0 elementor-widget elementor-widget-text-editor\" data-id=\"dcf94c0\" data-element_type=\"widget\" data-e-type=\"widget\" data-widget_type=\"text-editor.default\">\n\t\t\t\t<div class=\"elementor-widget-container\">\n\t\t\t\t\t\t\t\t\t<p>Mehr als Kleidung.<br \/>Mehr als Erwartungen.<\/p><p>Ardore.<\/p>\t\t\t\t\t\t\t\t<\/div>\n\t\t\t\t<\/div>\n\t\t\t\t<\/div>\n\t\t\t\t<\/div>","protected":false},"excerpt":{"rendered":"<p>ABOUT THE ARDORE True elegance is not found in perfection, but in attitude: in daring to be seen, to challenge the expected, and to embody strength through design. THE ARDORE The Ardore was founded on the belief that fashion is more than clothing. It is a form of self-expression, a reflection of individuality, and the [&hellip;]<\/p>\n","protected":false},"author":1,"featured_media":0,"parent":0,"menu_order":0,"comment_status":"closed","ping_status":"closed","template":"","meta":{"_uag_custom_page_level_css":"","site-sidebar-layout":"no-sidebar","site-content-layout":"page-builder","ast-site-content-layout":"full-width-container","site-content-style":"default","site-sidebar-style":"default","ast-global-header-display":"","ast-banner-title-visibility":"","ast-main-header-display":"","ast-hfb-above-header-display":"","ast-hfb-below-header-display":"","ast-hfb-mobile-header-display":"","site-post-title":"disabled","ast-breadcrumbs-content":"","ast-featured-img":"disabled","footer-sml-layout":"","ast-disable-related-posts":"","theme-transparent-header-meta":"","adv-header-id-meta":"","stick-header-meta":"","header-above-stick-meta":"","header-main-stick-meta":"","header-below-stick-meta":"","astra-migrate-meta-layouts":"set","ast-page-background-enabled":"default","ast-page-background-meta":{"desktop":{"background-color":"","background-image":"","background-repeat":"repeat","background-position":"center center","background-size":"auto","background-attachment":"scroll","background-type":"","background-media":"","overlay-type":"","overlay-color":"","overlay-opacity":"","overlay-gradient":""},"tablet":{"background-color":"","background-image":"","background-repeat":"repeat","background-position":"center center","background-size":"auto","background-attachment":"scroll","background-type":"","background-media":"","overlay-type":"","overlay-color":"","overlay-opacity":"","overlay-gradient":""},"mobile":{"background-color":"","background-image":"","background-repeat":"repeat","background-position":"center center","background-size":"auto","background-attachment":"scroll","background-type":"","background-media":"","overlay-type":"","overlay-color":"","overlay-opacity":"","overlay-gradient":""}},"ast-content-background-meta":{"desktop":{"background-color":"var(--ast-global-color-4)","background-image":"","background-repeat":"repeat","background-position":"center center","background-size":"auto","background-attachment":"scroll","background-type":"","background-media":"","overlay-type":"","overlay-color":"","overlay-opacity":"","overlay-gradient":""},"tablet":{"background-color":"var(--ast-global-color-4)","background-image":"","background-repeat":"repeat","background-position":"center center","background-size":"auto","background-attachment":"scroll","background-type":"","background-media":"","overlay-type":"","overlay-color":"","overlay-opacity":"","overlay-gradient":""},"mobile":{"background-color":"var(--ast-global-color-4)","background-image":"","background-repeat":"repeat","background-position":"center center","background-size":"auto","background-attachment":"scroll","background-type":"","background-media":"","overlay-type":"","overlay-color":"","overlay-opacity":"","overlay-gradient":""}},"footnotes":""},"class_list":["post-5302","page","type-page","status-publish","hentry"],"uagb_featured_image_src":{"full":false,"thumbnail":false,"medium":false,"medium_large":false,"large":false,"1536x1536":false,"2048x2048":false,"trp-custom-language-flag":false,"wishsuite-image":false,"woocommerce_thumbnail":false,"woocommerce_single":false,"woocommerce_gallery_thumbnail":false},"uagb_author_info":{"display_name":"Soso","author_link":"https:\/\/theardore.com\/de\/author\/boundblissofficialgmail-com\/"},"uagb_comment_info":0,"uagb_excerpt":"ABOUT THE ARDORE True elegance is not found in perfection, but in attitude: in daring to be seen, to challenge the expected, and to embody strength through design. THE ARDORE The Ardore was founded on the belief that fashion is more than clothing. It is a form of self-expression, a reflection of individuality, and the&hellip;","_links":{"self":[{"href":"https:\/\/theardore.com\/de\/wp-json\/wp\/v2\/pages\/5302","targetHints":{"allow":["GET"]}}],"collection":[{"href":"https:\/\/theardore.com\/de\/wp-json\/wp\/v2\/pages"}],"about":[{"href":"https:\/\/theardore.com\/de\/wp-json\/wp\/v2\/types\/page"}],"author":[{"embeddable":true,"href":"https:\/\/theardore.com\/de\/wp-json\/wp\/v2\/users\/1"}],"replies":[{"embeddable":true,"href":"https:\/\/theardore.com\/de\/wp-json\/wp\/v2\/comments?post=5302"}],"version-history":[{"count":466,"href":"https:\/\/theardore.com\/de\/wp-json\/wp\/v2\/pages\/5302\/revisions"}],"predecessor-version":[{"id":19176,"href":"https:\/\/theardore.com\/de\/wp-json\/wp\/v2\/pages\/5302\/revisions\/19176"}],"wp:attachment":[{"href":"https:\/\/theardore.com\/de\/wp-json\/wp\/v2\/media?parent=5302"}],"curies":[{"name":"wp","href":"https:\/\/api.w.org\/{rel}","templated":true}]}}